{"id":87,"date":"2019-01-23T13:25:49","date_gmt":"2019-01-23T13:25:49","guid":{"rendered":"https:\/\/granitosurbanos.pt\/index.php\/produto\/money-plant"},"modified":"2022-06-07T14:00:50","modified_gmt":"2022-06-07T14:00:50","slug":"albero-almendra","status":"publish","type":"product","link":"https:\/\/granitosurbanos.pt\/index.php\/produto\/albero-almendra","title":{"rendered":"Granito Albero Almendra"},"content":{"rendered":"\t\t<div data-elementor-type=\"product-post\" data-elementor-id=\"87\" class=\"elementor elementor-87\">\n\t\t\t\t\t\t\t\t\t<section class=\"elementor-section elementor-top-section elementor-element elementor-element-7b30a770 elementor-section-boxed elementor-section-height-default elementor-section-height-default\" data-id=\"7b30a770\" data-element_type=\"section\">\n\t\t\t\t\t\t<div class=\"elementor-container elementor-column-gap-default\">\n\t\t\t\t\t<div class=\"elementor-column elementor-col-100 elementor-top-column elementor-element elementor-element-4cbd34d2\" data-id=\"4cbd34d2\" data-element_type=\"column\">\n\t\t\t<div class=\"elementor-widget-wrap elementor-element-populated\">\n\t\t\t\t\t\t\t\t<div class=\"elementor-element elementor-element-206be7b1 elementor-widget elementor-widget-text-editor\" data-id=\"206be7b1\" data-element_type=\"widget\" data-widget_type=\"text-editor.default\">\n\t\t\t\t<div class=\"elementor-widget-container\">\n\t\t\t<style>\/*! elementor - v3.6.5 - 27-04-2022 *\/\n.elementor-widget-text-editor.elementor-drop-cap-view-stacked .elementor-drop-cap{background-color:#818a91;color:#fff}.elementor-widget-text-editor.elementor-drop-cap-view-framed .elementor-drop-cap{color:#818a91;border:3px solid;background-color:transparent}.elementor-widget-text-editor:not(.elementor-drop-cap-view-default) .elementor-drop-cap{margin-top:8px}.elementor-widget-text-editor:not(.elementor-drop-cap-view-default) .elementor-drop-cap-letter{width:1em;height:1em}.elementor-widget-text-editor .elementor-drop-cap{float:left;text-align:center;line-height:1;font-size:50px}.elementor-widget-text-editor .elementor-drop-cap-letter{display:inline-block}<\/style>\t\t\t\t<div><table cellspacing=\"0\" cellpadding=\"0\"><tbody><tr><td colspan=\"2\"><h4>Caracter\u00edsticas petrogr\u00e1ficas:<\/h4><\/td><\/tr><tr><td width=\"240\">Resist\u00eancia \u00e0 flex\u00e3o<\/td><td width=\"81\">18.3 MPa<\/td><\/tr><tr><td>Resist\u00eancia \u00e0 compress\u00e3o<\/td><td>170 MPa<\/td><\/tr><tr><td>Resist\u00eancia \u00e0 abras\u00e3o<\/td><td>16 mm<\/td><\/tr><tr><td>Absor\u00e7\u00e3o de \u00e1gua<\/td><td>1.41 g\/m2S 0.5<\/td><\/tr><tr><td>Resist\u00eancia ao deslizamento<\/td><td>USRV em seco: 66<br \/>USRV em h\u00famido: 56<\/td><\/tr><tr><td>Densidade aparente<\/td><td>2620 Kg\/m3<\/td><\/tr><tr><td>Resist\u00eancia ao gelo<\/td><td>4 %<\/td><\/tr><\/tbody><\/table><\/div>\t\t\t\t\t\t<\/div>\n\t\t\t\t<\/div>\n\t\t\t\t\t<\/div>\n\t\t<\/div>\n\t\t\t\t\t\t\t<\/div>\n\t\t<\/section>\n\t\t\t\t<section class=\"elementor-section elementor-top-section elementor-element elementor-element-c1fff07 elementor-section-boxed elementor-section-height-default elementor-section-height-default\" data-id=\"c1fff07\" data-element_type=\"section\">\n\t\t\t\t\t\t<div class=\"elementor-container elementor-column-gap-default\">\n\t\t\t\t\t<div class=\"elementor-column elementor-col-100 elementor-top-column elementor-element elementor-element-806ae9f\" data-id=\"806ae9f\" data-element_type=\"column\">\n\t\t\t<div class=\"elementor-widget-wrap elementor-element-populated\">\n\t\t\t\t\t\t\t\t<div class=\"elementor-element elementor-element-80bdff6 elementor-widget elementor-widget-heading\" data-id=\"80bdff6\" data-element_type=\"widget\" data-widget_type=\"heading.default\">\n\t\t\t\t<div class=\"elementor-widget-container\">\n\t\t\t<style>\/*! elementor - v3.6.5 - 27-04-2022 *\/\n.elementor-heading-title{padding:0;margin:0;line-height:1}.elementor-widget-heading .elementor-heading-title[class*=elementor-size-]>a{color:inherit;font-size:inherit;line-height:inherit}.elementor-widget-heading .elementor-heading-title.elementor-size-small{font-size:15px}.elementor-widget-heading .elementor-heading-title.elementor-size-medium{font-size:19px}.elementor-widget-heading .elementor-heading-title.elementor-size-large{font-size:29px}.elementor-widget-heading .elementor-heading-title.elementor-size-xl{font-size:39px}.elementor-widget-heading .elementor-heading-title.elementor-size-xxl{font-size:59px}<\/style><h2 class=\"elementor-heading-title elementor-size-default\">Materiais<\/h2>\t\t<\/div>\n\t\t\t\t<\/div>\n\t\t\t\t<div class=\"elementor-element elementor-element-0239ab2 elementor-grid-6 elementor-grid-tablet-2 elementor-grid-mobile-1 elementor-widget elementor-widget-portfolio\" data-id=\"0239ab2\" data-element_type=\"widget\" data-settings=\"{&quot;columns&quot;:&quot;6&quot;,&quot;row_gap&quot;:{&quot;unit&quot;:&quot;px&quot;,&quot;size&quot;:15,&quot;sizes&quot;:[]},&quot;_animation&quot;:&quot;none&quot;,&quot;item_ratio&quot;:{&quot;unit&quot;:&quot;px&quot;,&quot;size&quot;:1,&quot;sizes&quot;:[]},&quot;columns_tablet&quot;:&quot;2&quot;,&quot;columns_mobile&quot;:&quot;1&quot;,&quot;item_gap&quot;:{&quot;unit&quot;:&quot;px&quot;,&quot;size&quot;:&quot;&quot;,&quot;sizes&quot;:[]}}\" data-widget_type=\"portfolio.default\">\n\t\t\t\t<div class=\"elementor-widget-container\">\n\t\t\t\t\t<div class=\"elementor-portfolio elementor-grid elementor-posts-container\">\n\t\t\t\t<article class=\"elementor-portfolio-item elementor-post  post-4137 product type-product status-publish has-post-thumbnail hentry product_cat-materiales-es\">\n\t\t\t<a class=\"elementor-post__thumbnail__link\" href=\"https:\/\/granitosurbanos.pt\/index.php\/es\/produto\/granito-vila-real-es\">\n\t\t\t\t<div class=\"elementor-portfolio-item__img elementor-post__thumbnail\">\n\t\t\t<img width=\"300\" height=\"200\" src=\"https:\/\/granitosurbanos.pt\/wp-content\/uploads\/2021\/12\/02materiales_09vila_real-300x200.png\" class=\"attachment-medium size-medium\" alt=\"\" loading=\"lazy\" srcset=\"https:\/\/granitosurbanos.pt\/wp-content\/uploads\/2021\/12\/02materiales_09vila_real-300x200.png 300w, https:\/\/granitosurbanos.pt\/wp-content\/uploads\/2021\/12\/02materiales_09vila_real.png 585w\" sizes=\"(max-width: 300px) 100vw, 300px\" \/>\t\t<\/div>\n\t\t\t\t<div class=\"elementor-portfolio-item__overlay\">\n\t\t\t\t<h3 class=\"elementor-portfolio-item__title\">\n\t\tGranito Vila Real\t\t<\/h3>\n\t\t\t\t<\/div>\n\t\t\t\t<\/a>\n\t\t<\/article>\n\t\t\t\t<article class=\"elementor-portfolio-item elementor-post  post-4139 product type-product status-publish has-post-thumbnail hentry product_cat-materiales-fr\">\n\t\t\t<a class=\"elementor-post__thumbnail__link\" href=\"https:\/\/granitosurbanos.pt\/index.php\/fr\/produto\/granito-vila-real-fr\">\n\t\t\t\t<div class=\"elementor-portfolio-item__img elementor-post__thumbnail\">\n\t\t\t<img width=\"300\" height=\"200\" src=\"https:\/\/granitosurbanos.pt\/wp-content\/uploads\/2021\/12\/02materiales_09vila_real-300x200.png\" class=\"attachment-medium size-medium\" alt=\"\" loading=\"lazy\" srcset=\"https:\/\/granitosurbanos.pt\/wp-content\/uploads\/2021\/12\/02materiales_09vila_real-300x200.png 300w, https:\/\/granitosurbanos.pt\/wp-content\/uploads\/2021\/12\/02materiales_09vila_real.png 585w\" sizes=\"(max-width: 300px) 100vw, 300px\" \/>\t\t<\/div>\n\t\t\t\t<div class=\"elementor-portfolio-item__overlay\">\n\t\t\t\t<h3 class=\"elementor-portfolio-item__title\">\n\t\tGranito Vila Real\t\t<\/h3>\n\t\t\t\t<\/div>\n\t\t\t\t<\/a>\n\t\t<\/article>\n\t\t\t\t<article class=\"elementor-portfolio-item elementor-post  post-4141 product type-product status-publish has-post-thumbnail hentry product_cat-materiales-en\">\n\t\t\t<a class=\"elementor-post__thumbnail__link\" href=\"https:\/\/granitosurbanos.pt\/index.php\/en\/produto\/granito-vila-real-en\">\n\t\t\t\t<div class=\"elementor-portfolio-item__img elementor-post__thumbnail\">\n\t\t\t<img width=\"300\" height=\"200\" src=\"https:\/\/granitosurbanos.pt\/wp-content\/uploads\/2021\/12\/02materiales_09vila_real-300x200.png\" class=\"attachment-medium size-medium\" alt=\"\" loading=\"lazy\" srcset=\"https:\/\/granitosurbanos.pt\/wp-content\/uploads\/2021\/12\/02materiales_09vila_real-300x200.png 300w, https:\/\/granitosurbanos.pt\/wp-content\/uploads\/2021\/12\/02materiales_09vila_real.png 585w\" sizes=\"(max-width: 300px) 100vw, 300px\" \/>\t\t<\/div>\n\t\t\t\t<div class=\"elementor-portfolio-item__overlay\">\n\t\t\t\t<h3 class=\"elementor-portfolio-item__title\">\n\t\tGranito Vila Real\t\t<\/h3>\n\t\t\t\t<\/div>\n\t\t\t\t<\/a>\n\t\t<\/article>\n\t\t\t\t<article class=\"elementor-portfolio-item elementor-post  post-4143 product type-product status-publish has-post-thumbnail hentry product_cat-materiales-de\">\n\t\t\t<a class=\"elementor-post__thumbnail__link\" href=\"https:\/\/granitosurbanos.pt\/index.php\/de\/produto\/granito-vila-real-de\">\n\t\t\t\t<div class=\"elementor-portfolio-item__img elementor-post__thumbnail\">\n\t\t\t<img width=\"300\" height=\"200\" src=\"https:\/\/granitosurbanos.pt\/wp-content\/uploads\/2021\/12\/02materiales_09vila_real-300x200.png\" class=\"attachment-medium size-medium\" alt=\"\" loading=\"lazy\" srcset=\"https:\/\/granitosurbanos.pt\/wp-content\/uploads\/2021\/12\/02materiales_09vila_real-300x200.png 300w, https:\/\/granitosurbanos.pt\/wp-content\/uploads\/2021\/12\/02materiales_09vila_real.png 585w\" sizes=\"(max-width: 300px) 100vw, 300px\" \/>\t\t<\/div>\n\t\t\t\t<div class=\"elementor-portfolio-item__overlay\">\n\t\t\t\t<h3 class=\"elementor-portfolio-item__title\">\n\t\tGranito Vila Real\t\t<\/h3>\n\t\t\t\t<\/div>\n\t\t\t\t<\/a>\n\t\t<\/article>\n\t\t\t\t<article class=\"elementor-portfolio-item elementor-post  post-2142 product type-product status-publish has-post-thumbnail hentry product_cat-materiais-pt\">\n\t\t\t<a class=\"elementor-post__thumbnail__link\" href=\"https:\/\/granitosurbanos.pt\/index.php\/produto\/granito-vila-real\">\n\t\t\t\t<div class=\"elementor-portfolio-item__img elementor-post__thumbnail\">\n\t\t\t<img width=\"300\" height=\"200\" src=\"https:\/\/granitosurbanos.pt\/wp-content\/uploads\/2021\/12\/02materiales_09vila_real-300x200.png\" class=\"attachment-medium size-medium\" alt=\"\" loading=\"lazy\" srcset=\"https:\/\/granitosurbanos.pt\/wp-content\/uploads\/2021\/12\/02materiales_09vila_real-300x200.png 300w, https:\/\/granitosurbanos.pt\/wp-content\/uploads\/2021\/12\/02materiales_09vila_real.png 585w\" sizes=\"(max-width: 300px) 100vw, 300px\" \/>\t\t<\/div>\n\t\t\t\t<div class=\"elementor-portfolio-item__overlay\">\n\t\t\t\t<h3 class=\"elementor-portfolio-item__title\">\n\t\tGranito Vila Real\t\t<\/h3>\n\t\t\t\t<\/div>\n\t\t\t\t<\/a>\n\t\t<\/article>\n\t\t\t\t<article class=\"elementor-portfolio-item elementor-post  post-2062 product type-product status-publish has-post-thumbnail hentry product_cat-materiais-pt\">\n\t\t\t<a class=\"elementor-post__thumbnail__link\" href=\"https:\/\/granitosurbanos.pt\/index.php\/produto\/granito-tragal\">\n\t\t\t\t<div class=\"elementor-portfolio-item__img elementor-post__thumbnail\">\n\t\t\t<img width=\"300\" height=\"200\" src=\"https:\/\/granitosurbanos.pt\/wp-content\/uploads\/2021\/12\/02materiales_03tragal-300x200.jpg\" class=\"attachment-medium size-medium\" alt=\"\" loading=\"lazy\" srcset=\"https:\/\/granitosurbanos.pt\/wp-content\/uploads\/2021\/12\/02materiales_03tragal-300x200.jpg 300w, https:\/\/granitosurbanos.pt\/wp-content\/uploads\/2021\/12\/02materiales_03tragal.jpg 585w\" sizes=\"(max-width: 300px) 100vw, 300px\" \/>\t\t<\/div>\n\t\t\t\t<div class=\"elementor-portfolio-item__overlay\">\n\t\t\t\t<h3 class=\"elementor-portfolio-item__title\">\n\t\tGranito Tragal\t\t<\/h3>\n\t\t\t\t<\/div>\n\t\t\t\t<\/a>\n\t\t<\/article>\n\t\t\t\t<article class=\"elementor-portfolio-item elementor-post  post-4146 product type-product status-publish has-post-thumbnail hentry product_cat-materiales-es\">\n\t\t\t<a class=\"elementor-post__thumbnail__link\" href=\"https:\/\/granitosurbanos.pt\/index.php\/es\/produto\/granito-tragal-2\">\n\t\t\t\t<div class=\"elementor-portfolio-item__img elementor-post__thumbnail\">\n\t\t\t<img width=\"300\" height=\"200\" src=\"https:\/\/granitosurbanos.pt\/wp-content\/uploads\/2021\/12\/02materiales_03tragal-300x200.jpg\" class=\"attachment-medium size-medium\" alt=\"\" loading=\"lazy\" srcset=\"https:\/\/granitosurbanos.pt\/wp-content\/uploads\/2021\/12\/02materiales_03tragal-300x200.jpg 300w, https:\/\/granitosurbanos.pt\/wp-content\/uploads\/2021\/12\/02materiales_03tragal.jpg 585w\" sizes=\"(max-width: 300px) 100vw, 300px\" \/>\t\t<\/div>\n\t\t\t\t<div class=\"elementor-portfolio-item__overlay\">\n\t\t\t\t<h3 class=\"elementor-portfolio-item__title\">\n\t\tGranito Tragal\t\t<\/h3>\n\t\t\t\t<\/div>\n\t\t\t\t<\/a>\n\t\t<\/article>\n\t\t\t\t<article class=\"elementor-portfolio-item elementor-post  post-4148 product type-product status-publish has-post-thumbnail hentry product_cat-materiales-fr\">\n\t\t\t<a class=\"elementor-post__thumbnail__link\" href=\"https:\/\/granitosurbanos.pt\/index.php\/fr\/produto\/granito-tragal-fr\">\n\t\t\t\t<div class=\"elementor-portfolio-item__img elementor-post__thumbnail\">\n\t\t\t<img width=\"300\" height=\"200\" src=\"https:\/\/granitosurbanos.pt\/wp-content\/uploads\/2021\/12\/02materiales_03tragal-300x200.jpg\" class=\"attachment-medium size-medium\" alt=\"\" loading=\"lazy\" srcset=\"https:\/\/granitosurbanos.pt\/wp-content\/uploads\/2021\/12\/02materiales_03tragal-300x200.jpg 300w, https:\/\/granitosurbanos.pt\/wp-content\/uploads\/2021\/12\/02materiales_03tragal.jpg 585w\" sizes=\"(max-width: 300px) 100vw, 300px\" \/>\t\t<\/div>\n\t\t\t\t<div class=\"elementor-portfolio-item__overlay\">\n\t\t\t\t<h3 class=\"elementor-portfolio-item__title\">\n\t\tGranito Tragal\t\t<\/h3>\n\t\t\t\t<\/div>\n\t\t\t\t<\/a>\n\t\t<\/article>\n\t\t\t\t<article class=\"elementor-portfolio-item elementor-post  post-4150 product type-product status-publish has-post-thumbnail hentry product_cat-materiales-en\">\n\t\t\t<a class=\"elementor-post__thumbnail__link\" href=\"https:\/\/granitosurbanos.pt\/index.php\/en\/produto\/granito-tragal-en\">\n\t\t\t\t<div class=\"elementor-portfolio-item__img elementor-post__thumbnail\">\n\t\t\t<img width=\"300\" height=\"200\" src=\"https:\/\/granitosurbanos.pt\/wp-content\/uploads\/2021\/12\/02materiales_03tragal-300x200.jpg\" class=\"attachment-medium size-medium\" alt=\"\" loading=\"lazy\" srcset=\"https:\/\/granitosurbanos.pt\/wp-content\/uploads\/2021\/12\/02materiales_03tragal-300x200.jpg 300w, https:\/\/granitosurbanos.pt\/wp-content\/uploads\/2021\/12\/02materiales_03tragal.jpg 585w\" sizes=\"(max-width: 300px) 100vw, 300px\" \/>\t\t<\/div>\n\t\t\t\t<div class=\"elementor-portfolio-item__overlay\">\n\t\t\t\t<h3 class=\"elementor-portfolio-item__title\">\n\t\tGranito Tragal\t\t<\/h3>\n\t\t\t\t<\/div>\n\t\t\t\t<\/a>\n\t\t<\/article>\n\t\t\t\t<article class=\"elementor-portfolio-item elementor-post  post-4152 product type-product status-publish has-post-thumbnail hentry product_cat-materiales-de\">\n\t\t\t<a class=\"elementor-post__thumbnail__link\" href=\"https:\/\/granitosurbanos.pt\/index.php\/de\/produto\/granito-tragal-de\">\n\t\t\t\t<div class=\"elementor-portfolio-item__img elementor-post__thumbnail\">\n\t\t\t<img width=\"300\" height=\"200\" src=\"https:\/\/granitosurbanos.pt\/wp-content\/uploads\/2021\/12\/02materiales_03tragal-300x200.jpg\" class=\"attachment-medium size-medium\" alt=\"\" loading=\"lazy\" srcset=\"https:\/\/granitosurbanos.pt\/wp-content\/uploads\/2021\/12\/02materiales_03tragal-300x200.jpg 300w, https:\/\/granitosurbanos.pt\/wp-content\/uploads\/2021\/12\/02materiales_03tragal.jpg 585w\" sizes=\"(max-width: 300px) 100vw, 300px\" \/>\t\t<\/div>\n\t\t\t\t<div class=\"elementor-portfolio-item__overlay\">\n\t\t\t\t<h3 class=\"elementor-portfolio-item__title\">\n\t\tGranito Tragal\t\t<\/h3>\n\t\t\t\t<\/div>\n\t\t\t\t<\/a>\n\t\t<\/article>\n\t\t\t\t<article class=\"elementor-portfolio-item elementor-post  post-2093 product type-product status-publish has-post-thumbnail hentry product_cat-materiais-pt\">\n\t\t\t<a class=\"elementor-post__thumbnail__link\" href=\"https:\/\/granitosurbanos.pt\/index.php\/produto\/granito-silvestre-moreno\">\n\t\t\t\t<div class=\"elementor-portfolio-item__img elementor-post__thumbnail\">\n\t\t\t<img width=\"300\" height=\"200\" src=\"https:\/\/granitosurbanos.pt\/wp-content\/uploads\/2021\/12\/02materiales_04silvestre_moreno-300x200.jpg\" class=\"attachment-medium size-medium\" alt=\"\" loading=\"lazy\" srcset=\"https:\/\/granitosurbanos.pt\/wp-content\/uploads\/2021\/12\/02materiales_04silvestre_moreno-300x200.jpg 300w, https:\/\/granitosurbanos.pt\/wp-content\/uploads\/2021\/12\/02materiales_04silvestre_moreno.jpg 585w\" sizes=\"(max-width: 300px) 100vw, 300px\" \/>\t\t<\/div>\n\t\t\t\t<div class=\"elementor-portfolio-item__overlay\">\n\t\t\t\t<h3 class=\"elementor-portfolio-item__title\">\n\t\tGranito Silvestre Moreno\t\t<\/h3>\n\t\t\t\t<\/div>\n\t\t\t\t<\/a>\n\t\t<\/article>\n\t\t\t\t<article class=\"elementor-portfolio-item elementor-post  post-4155 product type-product status-publish has-post-thumbnail hentry product_cat-materiales-es\">\n\t\t\t<a class=\"elementor-post__thumbnail__link\" href=\"https:\/\/granitosurbanos.pt\/index.php\/es\/produto\/granito-silvestre-moreno-es\">\n\t\t\t\t<div class=\"elementor-portfolio-item__img elementor-post__thumbnail\">\n\t\t\t<img width=\"300\" height=\"200\" src=\"https:\/\/granitosurbanos.pt\/wp-content\/uploads\/2021\/12\/02materiales_04silvestre_moreno-300x200.jpg\" class=\"attachment-medium size-medium\" alt=\"\" loading=\"lazy\" srcset=\"https:\/\/granitosurbanos.pt\/wp-content\/uploads\/2021\/12\/02materiales_04silvestre_moreno-300x200.jpg 300w, https:\/\/granitosurbanos.pt\/wp-content\/uploads\/2021\/12\/02materiales_04silvestre_moreno.jpg 585w\" sizes=\"(max-width: 300px) 100vw, 300px\" \/>\t\t<\/div>\n\t\t\t\t<div class=\"elementor-portfolio-item__overlay\">\n\t\t\t\t<h3 class=\"elementor-portfolio-item__title\">\n\t\tGranito Silvestre Moreno\t\t<\/h3>\n\t\t\t\t<\/div>\n\t\t\t\t<\/a>\n\t\t<\/article>\n\t\t\t\t<article class=\"elementor-portfolio-item elementor-post  post-4157 product type-product status-publish has-post-thumbnail hentry product_cat-materiales-fr\">\n\t\t\t<a class=\"elementor-post__thumbnail__link\" href=\"https:\/\/granitosurbanos.pt\/index.php\/fr\/produto\/granito-silvestre-moreno-fr\">\n\t\t\t\t<div class=\"elementor-portfolio-item__img elementor-post__thumbnail\">\n\t\t\t<img width=\"300\" height=\"200\" src=\"https:\/\/granitosurbanos.pt\/wp-content\/uploads\/2021\/12\/02materiales_04silvestre_moreno-300x200.jpg\" class=\"attachment-medium size-medium\" alt=\"\" loading=\"lazy\" srcset=\"https:\/\/granitosurbanos.pt\/wp-content\/uploads\/2021\/12\/02materiales_04silvestre_moreno-300x200.jpg 300w, https:\/\/granitosurbanos.pt\/wp-content\/uploads\/2021\/12\/02materiales_04silvestre_moreno.jpg 585w\" sizes=\"(max-width: 300px) 100vw, 300px\" \/>\t\t<\/div>\n\t\t\t\t<div class=\"elementor-portfolio-item__overlay\">\n\t\t\t\t<h3 class=\"elementor-portfolio-item__title\">\n\t\tGranito Silvestre Moreno\t\t<\/h3>\n\t\t\t\t<\/div>\n\t\t\t\t<\/a>\n\t\t<\/article>\n\t\t\t\t<article class=\"elementor-portfolio-item elementor-post  post-4159 product type-product status-publish has-post-thumbnail hentry product_cat-materiales-en\">\n\t\t\t<a class=\"elementor-post__thumbnail__link\" href=\"https:\/\/granitosurbanos.pt\/index.php\/en\/produto\/granito-silvestre-moreno-en\">\n\t\t\t\t<div class=\"elementor-portfolio-item__img elementor-post__thumbnail\">\n\t\t\t<img width=\"300\" height=\"200\" src=\"https:\/\/granitosurbanos.pt\/wp-content\/uploads\/2021\/12\/02materiales_04silvestre_moreno-300x200.jpg\" class=\"attachment-medium size-medium\" alt=\"\" loading=\"lazy\" srcset=\"https:\/\/granitosurbanos.pt\/wp-content\/uploads\/2021\/12\/02materiales_04silvestre_moreno-300x200.jpg 300w, https:\/\/granitosurbanos.pt\/wp-content\/uploads\/2021\/12\/02materiales_04silvestre_moreno.jpg 585w\" sizes=\"(max-width: 300px) 100vw, 300px\" \/>\t\t<\/div>\n\t\t\t\t<div class=\"elementor-portfolio-item__overlay\">\n\t\t\t\t<h3 class=\"elementor-portfolio-item__title\">\n\t\tGranito Silvestre Moreno\t\t<\/h3>\n\t\t\t\t<\/div>\n\t\t\t\t<\/a>\n\t\t<\/article>\n\t\t\t\t<article class=\"elementor-portfolio-item elementor-post  post-4161 product type-product status-publish has-post-thumbnail hentry product_cat-materiales-de\">\n\t\t\t<a class=\"elementor-post__thumbnail__link\" href=\"https:\/\/granitosurbanos.pt\/index.php\/de\/produto\/granito-silvestre-moreno-de\">\n\t\t\t\t<div class=\"elementor-portfolio-item__img elementor-post__thumbnail\">\n\t\t\t<img width=\"300\" height=\"200\" src=\"https:\/\/granitosurbanos.pt\/wp-content\/uploads\/2021\/12\/02materiales_04silvestre_moreno-300x200.jpg\" class=\"attachment-medium size-medium\" alt=\"\" loading=\"lazy\" srcset=\"https:\/\/granitosurbanos.pt\/wp-content\/uploads\/2021\/12\/02materiales_04silvestre_moreno-300x200.jpg 300w, https:\/\/granitosurbanos.pt\/wp-content\/uploads\/2021\/12\/02materiales_04silvestre_moreno.jpg 585w\" sizes=\"(max-width: 300px) 100vw, 300px\" \/>\t\t<\/div>\n\t\t\t\t<div class=\"elementor-portfolio-item__overlay\">\n\t\t\t\t<h3 class=\"elementor-portfolio-item__title\">\n\t\tGranito Silvestre Moreno\t\t<\/h3>\n\t\t\t\t<\/div>\n\t\t\t\t<\/a>\n\t\t<\/article>\n\t\t\t\t<article class=\"elementor-portfolio-item elementor-post  post-2100 product type-product status-publish has-post-thumbnail hentry product_cat-materiais-pt\">\n\t\t\t<a class=\"elementor-post__thumbnail__link\" href=\"https:\/\/granitosurbanos.pt\/index.php\/produto\/granito-silvestre-gt\">\n\t\t\t\t<div class=\"elementor-portfolio-item__img elementor-post__thumbnail\">\n\t\t\t<img width=\"300\" height=\"200\" src=\"https:\/\/granitosurbanos.pt\/wp-content\/uploads\/2021\/12\/02materiales_05silvestre_gt-300x200.jpg\" class=\"attachment-medium size-medium\" alt=\"\" loading=\"lazy\" srcset=\"https:\/\/granitosurbanos.pt\/wp-content\/uploads\/2021\/12\/02materiales_05silvestre_gt-300x200.jpg 300w, https:\/\/granitosurbanos.pt\/wp-content\/uploads\/2021\/12\/02materiales_05silvestre_gt.jpg 585w\" sizes=\"(max-width: 300px) 100vw, 300px\" \/>\t\t<\/div>\n\t\t\t\t<div class=\"elementor-portfolio-item__overlay\">\n\t\t\t\t<h3 class=\"elementor-portfolio-item__title\">\n\t\tGranito Silvestre GT\t\t<\/h3>\n\t\t\t\t<\/div>\n\t\t\t\t<\/a>\n\t\t<\/article>\n\t\t\t\t<article class=\"elementor-portfolio-item elementor-post  post-4163 product type-product status-publish has-post-thumbnail hentry product_cat-materiales-es\">\n\t\t\t<a class=\"elementor-post__thumbnail__link\" href=\"https:\/\/granitosurbanos.pt\/index.php\/es\/produto\/granito-silvestre-gt-es\">\n\t\t\t\t<div class=\"elementor-portfolio-item__img elementor-post__thumbnail\">\n\t\t\t<img width=\"300\" height=\"200\" src=\"https:\/\/granitosurbanos.pt\/wp-content\/uploads\/2021\/12\/02materiales_05silvestre_gt-300x200.jpg\" class=\"attachment-medium size-medium\" alt=\"\" loading=\"lazy\" srcset=\"https:\/\/granitosurbanos.pt\/wp-content\/uploads\/2021\/12\/02materiales_05silvestre_gt-300x200.jpg 300w, https:\/\/granitosurbanos.pt\/wp-content\/uploads\/2021\/12\/02materiales_05silvestre_gt.jpg 585w\" sizes=\"(max-width: 300px) 100vw, 300px\" \/>\t\t<\/div>\n\t\t\t\t<div class=\"elementor-portfolio-item__overlay\">\n\t\t\t\t<h3 class=\"elementor-portfolio-item__title\">\n\t\tGranito Silvestre GT\t\t<\/h3>\n\t\t\t\t<\/div>\n\t\t\t\t<\/a>\n\t\t<\/article>\n\t\t\t\t<article class=\"elementor-portfolio-item elementor-post  post-4165 product type-product status-publish has-post-thumbnail hentry product_cat-materiales-fr\">\n\t\t\t<a class=\"elementor-post__thumbnail__link\" href=\"https:\/\/granitosurbanos.pt\/index.php\/fr\/produto\/granito-silvestre-gt-fr\">\n\t\t\t\t<div class=\"elementor-portfolio-item__img elementor-post__thumbnail\">\n\t\t\t<img width=\"300\" height=\"200\" src=\"https:\/\/granitosurbanos.pt\/wp-content\/uploads\/2021\/12\/02materiales_05silvestre_gt-300x200.jpg\" class=\"attachment-medium size-medium\" alt=\"\" loading=\"lazy\" srcset=\"https:\/\/granitosurbanos.pt\/wp-content\/uploads\/2021\/12\/02materiales_05silvestre_gt-300x200.jpg 300w, https:\/\/granitosurbanos.pt\/wp-content\/uploads\/2021\/12\/02materiales_05silvestre_gt.jpg 585w\" sizes=\"(max-width: 300px) 100vw, 300px\" \/>\t\t<\/div>\n\t\t\t\t<div class=\"elementor-portfolio-item__overlay\">\n\t\t\t\t<h3 class=\"elementor-portfolio-item__title\">\n\t\tGranito Silvestre GT\t\t<\/h3>\n\t\t\t\t<\/div>\n\t\t\t\t<\/a>\n\t\t<\/article>\n\t\t\t\t<\/div>\n\t\t\t\t<\/div>\n\t\t\t\t<\/div>\n\t\t\t\t\t<\/div>\n\t\t<\/div>\n\t\t\t\t\t\t\t<\/div>\n\t\t<\/section>\n\t\t\t\t\t\t\t<\/div>\n\t\t","protected":false},"excerpt":{"rendered":"<div class=\"SecContenido SecConMaterial\">\n<div class=\"SecConMatTitulo\"><\/div>\n<div class=\"SecConMatDescripcion\">\n<p><strong>Nome t\u00edpico:<\/strong> Granito Albero Almendra<br \/>\n<strong>Denomina\u00e7\u00e3o Petrogr\u00e1fica:<\/strong> Granito Monzogranitos<\/p>\n<\/div>\n<\/div>\n","protected":false},"featured_media":2073,"template":"","meta":{"site-sidebar-layout":"default","site-content-layout":"plain-container","ast-global-header-display":"","ast-main-header-display":"","ast-hfb-above-header-display":"","ast-hfb-below-header-display":"","ast-hfb-mobile-header-display":"","site-post-title":"","ast-breadcrumbs-content":"","ast-featured-img":"","footer-sml-layout":"","theme-transparent-header-meta":"default","adv-header-id-meta":"","stick-header-meta":"","header-above-stick-meta":"","header-main-stick-meta":"","header-below-stick-meta":""},"product_cat":[157],"product_tag":[],"_links":{"self":[{"href":"https:\/\/granitosurbanos.pt\/index.php\/wp-json\/wp\/v2\/product\/87"}],"collection":[{"href":"https:\/\/granitosurbanos.pt\/index.php\/wp-json\/wp\/v2\/product"}],"about":[{"href":"https:\/\/granitosurbanos.pt\/index.php\/wp-json\/wp\/v2\/types\/product"}],"version-history":[{"count":25,"href":"https:\/\/granitosurbanos.pt\/index.php\/wp-json\/wp\/v2\/product\/87\/revisions"}],"predecessor-version":[{"id":4096,"href":"https:\/\/granitosurbanos.pt\/index.php\/wp-json\/wp\/v2\/product\/87\/revisions\/4096"}],"wp:featuredmedia":[{"embeddable":true,"href":"https:\/\/granitosurbanos.pt\/index.php\/wp-json\/wp\/v2\/media\/2073"}],"wp:attachment":[{"href":"https:\/\/granitosurbanos.pt\/index.php\/wp-json\/wp\/v2\/media?parent=87"}],"wp:term":[{"taxonomy":"product_cat","embeddable":true,"href":"https:\/\/granitosurbanos.pt\/index.php\/wp-json\/wp\/v2\/product_cat?post=87"},{"taxonomy":"product_tag","embeddable":true,"href":"https:\/\/granitosurbanos.pt\/index.php\/wp-json\/wp\/v2\/product_tag?post=87"}],"curies":[{"name":"wp","href":"https:\/\/api.w.org\/{rel}","templated":true}]}}