{"id":4199,"date":"2022-06-07T14:39:44","date_gmt":"2022-06-07T14:39:44","guid":{"rendered":"https:\/\/granitosurbanos.pt\/?post_type=product&#038;p=4199"},"modified":"2022-06-09T09:09:40","modified_gmt":"2022-06-09T09:09:40","slug":"granito-negro-favaco-es","status":"publish","type":"product","link":"https:\/\/granitosurbanos.pt\/index.php\/es\/produto\/granito-negro-favaco-es","title":{"rendered":"Granito Negro Favaco"},"content":{"rendered":"\t\t<div data-elementor-type=\"product-post\" data-elementor-id=\"4199\" class=\"elementor elementor-4199\">\n\t\t\t\t\t\t\t\t\t<section class=\"elementor-section elementor-top-section elementor-element elementor-element-7b30a770 elementor-section-boxed elementor-section-height-default elementor-section-height-default\" data-id=\"7b30a770\" data-element_type=\"section\">\n\t\t\t\t\t\t<div class=\"elementor-container elementor-column-gap-default\">\n\t\t\t\t\t<div class=\"elementor-column elementor-col-100 elementor-top-column elementor-element elementor-element-4cbd34d2\" data-id=\"4cbd34d2\" data-element_type=\"column\">\n\t\t\t<div class=\"elementor-widget-wrap elementor-element-populated\">\n\t\t\t\t\t\t\t\t<div class=\"elementor-element elementor-element-206be7b1 elementor-widget elementor-widget-text-editor\" data-id=\"206be7b1\" data-element_type=\"widget\" data-widget_type=\"text-editor.default\">\n\t\t\t\t<div class=\"elementor-widget-container\">\n\t\t\t<style>\/*! elementor - v3.6.5 - 27-04-2022 *\/\n.elementor-widget-text-editor.elementor-drop-cap-view-stacked .elementor-drop-cap{background-color:#818a91;color:#fff}.elementor-widget-text-editor.elementor-drop-cap-view-framed .elementor-drop-cap{color:#818a91;border:3px solid;background-color:transparent}.elementor-widget-text-editor:not(.elementor-drop-cap-view-default) .elementor-drop-cap{margin-top:8px}.elementor-widget-text-editor:not(.elementor-drop-cap-view-default) .elementor-drop-cap-letter{width:1em;height:1em}.elementor-widget-text-editor .elementor-drop-cap{float:left;text-align:center;line-height:1;font-size:50px}.elementor-widget-text-editor .elementor-drop-cap-letter{display:inline-block}<\/style>\t\t\t\t<table class=\"TablaCaracteristicas\" cellspacing=\"0\" cellpadding=\"0\"><tbody><tr><td colspan=\"2\"><h4>Caracter\u00edsticas petrogr\u00e1ficas:<\/h4><\/td><\/tr><tr><td width=\"240\">Resistencia a la flexi\u00f3n<\/td><td class=\"TextRight\" width=\"81\">214 Kg\/cm2<\/td><\/tr><tr><td>Resistencia a la compresi\u00f3n<\/td><td class=\"TextRight\">1262 Kg\/cm2<\/td><\/tr><tr><td>Resistencia a la compresi\u00f3n posterior al test de helacidad<\/td><td class=\"TextRight\">964 Kg\/cm2<\/td><\/tr><tr><td>Absorci\u00f3n de agua a P.At.N.<\/td><td class=\"TextRight\">0.21 %<\/td><\/tr><tr><td>Densidad aparente<\/td><td class=\"TextRight\">2851 Kg\/m3<\/td><\/tr><tr><td>Resistencia al desgaste<\/td><td class=\"TextRight\">0.5 mm<\/td><\/tr><tr><td>Porosidad abierta<\/td><td class=\"TextRight\">0.60 %<\/td><\/tr><tr><td>Coeficiente de dilataci\u00f3n lineal t\u00e9rmica<\/td><td class=\"TextRight\">6.7 x 10-6 per\u00baC<\/td><\/tr><tr><td>Resistencia al choque<\/td><td class=\"TextRight\">70 cm<\/td><\/tr><\/tbody><\/table>\t\t\t\t\t\t<\/div>\n\t\t\t\t<\/div>\n\t\t\t\t\t<\/div>\n\t\t<\/div>\n\t\t\t\t\t\t\t<\/div>\n\t\t<\/section>\n\t\t\t\t<section class=\"elementor-section elementor-top-section elementor-element elementor-element-ea8edfd elementor-section-boxed elementor-section-height-default elementor-section-height-default\" data-id=\"ea8edfd\" data-element_type=\"section\">\n\t\t\t\t\t\t<div class=\"elementor-container elementor-column-gap-default\">\n\t\t\t\t\t<div class=\"elementor-column elementor-col-100 elementor-top-column elementor-element elementor-element-fe9f59b\" data-id=\"fe9f59b\" data-element_type=\"column\">\n\t\t\t<div class=\"elementor-widget-wrap elementor-element-populated\">\n\t\t\t\t\t\t\t\t<div class=\"elementor-element elementor-element-27104b2 elementor-widget elementor-widget-heading\" data-id=\"27104b2\" data-element_type=\"widget\" data-widget_type=\"heading.default\">\n\t\t\t\t<div class=\"elementor-widget-container\">\n\t\t\t<style>\/*! elementor - v3.6.5 - 27-04-2022 *\/\n.elementor-heading-title{padding:0;margin:0;line-height:1}.elementor-widget-heading .elementor-heading-title[class*=elementor-size-]>a{color:inherit;font-size:inherit;line-height:inherit}.elementor-widget-heading .elementor-heading-title.elementor-size-small{font-size:15px}.elementor-widget-heading .elementor-heading-title.elementor-size-medium{font-size:19px}.elementor-widget-heading .elementor-heading-title.elementor-size-large{font-size:29px}.elementor-widget-heading .elementor-heading-title.elementor-size-xl{font-size:39px}.elementor-widget-heading .elementor-heading-title.elementor-size-xxl{font-size:59px}<\/style><h2 class=\"elementor-heading-title elementor-size-default\">Materiales<\/h2>\t\t<\/div>\n\t\t\t\t<\/div>\n\t\t\t\t<div class=\"elementor-element elementor-element-0787649 elementor-grid-6 elementor-grid-tablet-2 elementor-grid-mobile-1 elementor-widget elementor-widget-portfolio\" data-id=\"0787649\" data-element_type=\"widget\" data-settings=\"{&quot;columns&quot;:&quot;6&quot;,&quot;row_gap&quot;:{&quot;unit&quot;:&quot;px&quot;,&quot;size&quot;:15,&quot;sizes&quot;:[]},&quot;_animation&quot;:&quot;none&quot;,&quot;item_ratio&quot;:{&quot;unit&quot;:&quot;px&quot;,&quot;size&quot;:1,&quot;sizes&quot;:[]},&quot;columns_tablet&quot;:&quot;2&quot;,&quot;columns_mobile&quot;:&quot;1&quot;,&quot;item_gap&quot;:{&quot;unit&quot;:&quot;px&quot;,&quot;size&quot;:&quot;&quot;,&quot;sizes&quot;:[]}}\" data-widget_type=\"portfolio.default\">\n\t\t\t\t<div class=\"elementor-widget-container\">\n\t\t\t\t\t<div class=\"elementor-portfolio elementor-grid elementor-posts-container\">\n\t\t\t\t<article class=\"elementor-portfolio-item elementor-post  post-4226 product type-product status-publish has-post-thumbnail hentry product_cat-materiales-de\">\n\t\t\t<a class=\"elementor-post__thumbnail__link\" href=\"https:\/\/granitosurbanos.pt\/index.php\/de\/produto\/granito-gris-pinor-de\">\n\t\t\t\t<div class=\"elementor-portfolio-item__img elementor-post__thumbnail\">\n\t\t\t<img width=\"300\" height=\"200\" src=\"https:\/\/granitosurbanos.pt\/wp-content\/uploads\/2021\/12\/02materiales_11gris_pinor-300x200.jpg\" class=\"attachment-medium size-medium\" alt=\"\" loading=\"lazy\" srcset=\"https:\/\/granitosurbanos.pt\/wp-content\/uploads\/2021\/12\/02materiales_11gris_pinor-300x200.jpg 300w, https:\/\/granitosurbanos.pt\/wp-content\/uploads\/2021\/12\/02materiales_11gris_pinor.jpg 585w\" sizes=\"(max-width: 300px) 100vw, 300px\" \/>\t\t<\/div>\n\t\t\t\t<div class=\"elementor-portfolio-item__overlay\">\n\t\t\t\t<h3 class=\"elementor-portfolio-item__title\">\n\t\tGranito Gris Pi\u00f1or\t\t<\/h3>\n\t\t\t\t<\/div>\n\t\t\t\t<\/a>\n\t\t<\/article>\n\t\t\t\t<article class=\"elementor-portfolio-item elementor-post  post-4223 product type-product status-publish has-post-thumbnail hentry product_cat-materiales-en\">\n\t\t\t<a class=\"elementor-post__thumbnail__link\" href=\"https:\/\/granitosurbanos.pt\/index.php\/en\/produto\/granito-gris-pinor-en\">\n\t\t\t\t<div class=\"elementor-portfolio-item__img elementor-post__thumbnail\">\n\t\t\t<img width=\"300\" height=\"200\" src=\"https:\/\/granitosurbanos.pt\/wp-content\/uploads\/2021\/12\/02materiales_11gris_pinor-300x200.jpg\" class=\"attachment-medium size-medium\" alt=\"\" loading=\"lazy\" srcset=\"https:\/\/granitosurbanos.pt\/wp-content\/uploads\/2021\/12\/02materiales_11gris_pinor-300x200.jpg 300w, https:\/\/granitosurbanos.pt\/wp-content\/uploads\/2021\/12\/02materiales_11gris_pinor.jpg 585w\" sizes=\"(max-width: 300px) 100vw, 300px\" \/>\t\t<\/div>\n\t\t\t\t<div class=\"elementor-portfolio-item__overlay\">\n\t\t\t\t<h3 class=\"elementor-portfolio-item__title\">\n\t\tGranito Gris Pi\u00f1or\t\t<\/h3>\n\t\t\t\t<\/div>\n\t\t\t\t<\/a>\n\t\t<\/article>\n\t\t\t\t<article class=\"elementor-portfolio-item elementor-post  post-4221 product type-product status-publish has-post-thumbnail hentry product_cat-materiales-fr\">\n\t\t\t<a class=\"elementor-post__thumbnail__link\" href=\"https:\/\/granitosurbanos.pt\/index.php\/fr\/produto\/granito-gris-pinor-fr\">\n\t\t\t\t<div class=\"elementor-portfolio-item__img elementor-post__thumbnail\">\n\t\t\t<img width=\"300\" height=\"200\" src=\"https:\/\/granitosurbanos.pt\/wp-content\/uploads\/2021\/12\/02materiales_11gris_pinor-300x200.jpg\" class=\"attachment-medium size-medium\" alt=\"\" loading=\"lazy\" srcset=\"https:\/\/granitosurbanos.pt\/wp-content\/uploads\/2021\/12\/02materiales_11gris_pinor-300x200.jpg 300w, https:\/\/granitosurbanos.pt\/wp-content\/uploads\/2021\/12\/02materiales_11gris_pinor.jpg 585w\" sizes=\"(max-width: 300px) 100vw, 300px\" \/>\t\t<\/div>\n\t\t\t\t<div class=\"elementor-portfolio-item__overlay\">\n\t\t\t\t<h3 class=\"elementor-portfolio-item__title\">\n\t\tGranito Gris Pi\u00f1or\t\t<\/h3>\n\t\t\t\t<\/div>\n\t\t\t\t<\/a>\n\t\t<\/article>\n\t\t\t\t<article class=\"elementor-portfolio-item elementor-post  post-4219 product type-product status-publish has-post-thumbnail hentry product_cat-materiales-es\">\n\t\t\t<a class=\"elementor-post__thumbnail__link\" href=\"https:\/\/granitosurbanos.pt\/index.php\/es\/produto\/granito-gris-pinor-es\">\n\t\t\t\t<div class=\"elementor-portfolio-item__img elementor-post__thumbnail\">\n\t\t\t<img width=\"300\" height=\"200\" src=\"https:\/\/granitosurbanos.pt\/wp-content\/uploads\/2021\/12\/02materiales_11gris_pinor-300x200.jpg\" class=\"attachment-medium size-medium\" alt=\"\" loading=\"lazy\" srcset=\"https:\/\/granitosurbanos.pt\/wp-content\/uploads\/2021\/12\/02materiales_11gris_pinor-300x200.jpg 300w, https:\/\/granitosurbanos.pt\/wp-content\/uploads\/2021\/12\/02materiales_11gris_pinor.jpg 585w\" sizes=\"(max-width: 300px) 100vw, 300px\" \/>\t\t<\/div>\n\t\t\t\t<div class=\"elementor-portfolio-item__overlay\">\n\t\t\t\t<h3 class=\"elementor-portfolio-item__title\">\n\t\tGranito Gris Pi\u00f1or\t\t<\/h3>\n\t\t\t\t<\/div>\n\t\t\t\t<\/a>\n\t\t<\/article>\n\t\t\t\t<article class=\"elementor-portfolio-item elementor-post  post-4216 product type-product status-publish has-post-thumbnail hentry product_cat-materiales-de\">\n\t\t\t<a class=\"elementor-post__thumbnail__link\" href=\"https:\/\/granitosurbanos.pt\/index.php\/de\/produto\/granito-grissal-de\">\n\t\t\t\t<div class=\"elementor-portfolio-item__img elementor-post__thumbnail\">\n\t\t\t<img width=\"300\" height=\"200\" src=\"https:\/\/granitosurbanos.pt\/wp-content\/uploads\/2021\/12\/02materiales_02grissal-300x200.jpg\" class=\"attachment-medium size-medium\" alt=\"\" loading=\"lazy\" srcset=\"https:\/\/granitosurbanos.pt\/wp-content\/uploads\/2021\/12\/02materiales_02grissal-300x200.jpg 300w, https:\/\/granitosurbanos.pt\/wp-content\/uploads\/2021\/12\/02materiales_02grissal.jpg 585w\" sizes=\"(max-width: 300px) 100vw, 300px\" \/>\t\t<\/div>\n\t\t\t\t<div class=\"elementor-portfolio-item__overlay\">\n\t\t\t\t<h3 class=\"elementor-portfolio-item__title\">\n\t\tGranito Grissal\t\t<\/h3>\n\t\t\t\t<\/div>\n\t\t\t\t<\/a>\n\t\t<\/article>\n\t\t\t\t<article class=\"elementor-portfolio-item elementor-post  post-4213 product type-product status-publish has-post-thumbnail hentry product_cat-materiales-en\">\n\t\t\t<a class=\"elementor-post__thumbnail__link\" href=\"https:\/\/granitosurbanos.pt\/index.php\/en\/produto\/granito-grissal-en\">\n\t\t\t\t<div class=\"elementor-portfolio-item__img elementor-post__thumbnail\">\n\t\t\t<img width=\"300\" height=\"200\" src=\"https:\/\/granitosurbanos.pt\/wp-content\/uploads\/2021\/12\/02materiales_02grissal-300x200.jpg\" class=\"attachment-medium size-medium\" alt=\"\" loading=\"lazy\" srcset=\"https:\/\/granitosurbanos.pt\/wp-content\/uploads\/2021\/12\/02materiales_02grissal-300x200.jpg 300w, https:\/\/granitosurbanos.pt\/wp-content\/uploads\/2021\/12\/02materiales_02grissal.jpg 585w\" sizes=\"(max-width: 300px) 100vw, 300px\" \/>\t\t<\/div>\n\t\t\t\t<div class=\"elementor-portfolio-item__overlay\">\n\t\t\t\t<h3 class=\"elementor-portfolio-item__title\">\n\t\tGranito Grissal\t\t<\/h3>\n\t\t\t\t<\/div>\n\t\t\t\t<\/a>\n\t\t<\/article>\n\t\t\t\t<article class=\"elementor-portfolio-item elementor-post  post-4211 product type-product status-publish has-post-thumbnail hentry product_cat-materiales-fr\">\n\t\t\t<a class=\"elementor-post__thumbnail__link\" href=\"https:\/\/granitosurbanos.pt\/index.php\/fr\/produto\/granito-grissal-fr\">\n\t\t\t\t<div class=\"elementor-portfolio-item__img elementor-post__thumbnail\">\n\t\t\t<img width=\"300\" height=\"200\" src=\"https:\/\/granitosurbanos.pt\/wp-content\/uploads\/2021\/12\/02materiales_02grissal-300x200.jpg\" class=\"attachment-medium size-medium\" alt=\"\" loading=\"lazy\" srcset=\"https:\/\/granitosurbanos.pt\/wp-content\/uploads\/2021\/12\/02materiales_02grissal-300x200.jpg 300w, https:\/\/granitosurbanos.pt\/wp-content\/uploads\/2021\/12\/02materiales_02grissal.jpg 585w\" sizes=\"(max-width: 300px) 100vw, 300px\" \/>\t\t<\/div>\n\t\t\t\t<div class=\"elementor-portfolio-item__overlay\">\n\t\t\t\t<h3 class=\"elementor-portfolio-item__title\">\n\t\tGranito Grissal\t\t<\/h3>\n\t\t\t\t<\/div>\n\t\t\t\t<\/a>\n\t\t<\/article>\n\t\t\t\t<article class=\"elementor-portfolio-item elementor-post  post-4208 product type-product status-publish has-post-thumbnail hentry product_cat-materiales-es\">\n\t\t\t<a class=\"elementor-post__thumbnail__link\" href=\"https:\/\/granitosurbanos.pt\/index.php\/es\/produto\/granito-grissal-es\">\n\t\t\t\t<div class=\"elementor-portfolio-item__img elementor-post__thumbnail\">\n\t\t\t<img width=\"300\" height=\"200\" src=\"https:\/\/granitosurbanos.pt\/wp-content\/uploads\/2021\/12\/02materiales_02grissal-300x200.jpg\" class=\"attachment-medium size-medium\" alt=\"\" loading=\"lazy\" srcset=\"https:\/\/granitosurbanos.pt\/wp-content\/uploads\/2021\/12\/02materiales_02grissal-300x200.jpg 300w, https:\/\/granitosurbanos.pt\/wp-content\/uploads\/2021\/12\/02materiales_02grissal.jpg 585w\" sizes=\"(max-width: 300px) 100vw, 300px\" \/>\t\t<\/div>\n\t\t\t\t<div class=\"elementor-portfolio-item__overlay\">\n\t\t\t\t<h3 class=\"elementor-portfolio-item__title\">\n\t\tGranito Grissal\t\t<\/h3>\n\t\t\t\t<\/div>\n\t\t\t\t<\/a>\n\t\t<\/article>\n\t\t\t\t<article class=\"elementor-portfolio-item elementor-post  post-4205 product type-product status-publish has-post-thumbnail hentry product_cat-materiales-de\">\n\t\t\t<a class=\"elementor-post__thumbnail__link\" href=\"https:\/\/granitosurbanos.pt\/index.php\/de\/produto\/granito-negro-favaco-de\">\n\t\t\t\t<div class=\"elementor-portfolio-item__img elementor-post__thumbnail\">\n\t\t\t<img width=\"300\" height=\"200\" src=\"https:\/\/granitosurbanos.pt\/wp-content\/uploads\/2021\/12\/02materiales_07negro_favaco-300x200.jpg\" class=\"attachment-medium size-medium\" alt=\"\" loading=\"lazy\" srcset=\"https:\/\/granitosurbanos.pt\/wp-content\/uploads\/2021\/12\/02materiales_07negro_favaco-300x200.jpg 300w, https:\/\/granitosurbanos.pt\/wp-content\/uploads\/2021\/12\/02materiales_07negro_favaco.jpg 585w\" sizes=\"(max-width: 300px) 100vw, 300px\" \/>\t\t<\/div>\n\t\t\t\t<div class=\"elementor-portfolio-item__overlay\">\n\t\t\t\t<h3 class=\"elementor-portfolio-item__title\">\n\t\tGranito Negro Favaco\t\t<\/h3>\n\t\t\t\t<\/div>\n\t\t\t\t<\/a>\n\t\t<\/article>\n\t\t\t\t<article class=\"elementor-portfolio-item elementor-post  post-4203 product type-product status-publish has-post-thumbnail hentry product_cat-materiales-en\">\n\t\t\t<a class=\"elementor-post__thumbnail__link\" href=\"https:\/\/granitosurbanos.pt\/index.php\/en\/produto\/granito-negro-favaco-en\">\n\t\t\t\t<div class=\"elementor-portfolio-item__img elementor-post__thumbnail\">\n\t\t\t<img width=\"300\" height=\"200\" src=\"https:\/\/granitosurbanos.pt\/wp-content\/uploads\/2021\/12\/02materiales_07negro_favaco-300x200.jpg\" class=\"attachment-medium size-medium\" alt=\"\" loading=\"lazy\" srcset=\"https:\/\/granitosurbanos.pt\/wp-content\/uploads\/2021\/12\/02materiales_07negro_favaco-300x200.jpg 300w, https:\/\/granitosurbanos.pt\/wp-content\/uploads\/2021\/12\/02materiales_07negro_favaco.jpg 585w\" sizes=\"(max-width: 300px) 100vw, 300px\" \/>\t\t<\/div>\n\t\t\t\t<div class=\"elementor-portfolio-item__overlay\">\n\t\t\t\t<h3 class=\"elementor-portfolio-item__title\">\n\t\tGranito Negro Favaco\t\t<\/h3>\n\t\t\t\t<\/div>\n\t\t\t\t<\/a>\n\t\t<\/article>\n\t\t\t\t<article class=\"elementor-portfolio-item elementor-post  post-4201 product type-product status-publish has-post-thumbnail hentry product_cat-materiales-fr\">\n\t\t\t<a class=\"elementor-post__thumbnail__link\" href=\"https:\/\/granitosurbanos.pt\/index.php\/fr\/produto\/granito-negro-favaco-fr\">\n\t\t\t\t<div class=\"elementor-portfolio-item__img elementor-post__thumbnail\">\n\t\t\t<img width=\"300\" height=\"200\" src=\"https:\/\/granitosurbanos.pt\/wp-content\/uploads\/2021\/12\/02materiales_07negro_favaco-300x200.jpg\" class=\"attachment-medium size-medium\" alt=\"\" loading=\"lazy\" srcset=\"https:\/\/granitosurbanos.pt\/wp-content\/uploads\/2021\/12\/02materiales_07negro_favaco-300x200.jpg 300w, https:\/\/granitosurbanos.pt\/wp-content\/uploads\/2021\/12\/02materiales_07negro_favaco.jpg 585w\" sizes=\"(max-width: 300px) 100vw, 300px\" \/>\t\t<\/div>\n\t\t\t\t<div class=\"elementor-portfolio-item__overlay\">\n\t\t\t\t<h3 class=\"elementor-portfolio-item__title\">\n\t\tGranito Negro Favaco\t\t<\/h3>\n\t\t\t\t<\/div>\n\t\t\t\t<\/a>\n\t\t<\/article>\n\t\t\t\t<article class=\"elementor-portfolio-item elementor-post  post-4199 product type-product status-publish has-post-thumbnail hentry product_cat-materiales-es\">\n\t\t\t<a class=\"elementor-post__thumbnail__link\" href=\"https:\/\/granitosurbanos.pt\/index.php\/es\/produto\/granito-negro-favaco-es\">\n\t\t\t\t<div class=\"elementor-portfolio-item__img elementor-post__thumbnail\">\n\t\t\t<img width=\"300\" height=\"200\" src=\"https:\/\/granitosurbanos.pt\/wp-content\/uploads\/2021\/12\/02materiales_07negro_favaco-300x200.jpg\" class=\"attachment-medium size-medium\" alt=\"\" loading=\"lazy\" srcset=\"https:\/\/granitosurbanos.pt\/wp-content\/uploads\/2021\/12\/02materiales_07negro_favaco-300x200.jpg 300w, https:\/\/granitosurbanos.pt\/wp-content\/uploads\/2021\/12\/02materiales_07negro_favaco.jpg 585w\" sizes=\"(max-width: 300px) 100vw, 300px\" \/>\t\t<\/div>\n\t\t\t\t<div class=\"elementor-portfolio-item__overlay\">\n\t\t\t\t<h3 class=\"elementor-portfolio-item__title\">\n\t\tGranito Negro Favaco\t\t<\/h3>\n\t\t\t\t<\/div>\n\t\t\t\t<\/a>\n\t\t<\/article>\n\t\t\t\t<article class=\"elementor-portfolio-item elementor-post  post-4196 product type-product status-publish has-post-thumbnail hentry product_cat-materiales-de\">\n\t\t\t<a class=\"elementor-post__thumbnail__link\" href=\"https:\/\/granitosurbanos.pt\/index.php\/de\/produto\/granito-pedras-salgadas-de\">\n\t\t\t\t<div class=\"elementor-portfolio-item__img elementor-post__thumbnail\">\n\t\t\t<img width=\"300\" height=\"200\" src=\"https:\/\/granitosurbanos.pt\/wp-content\/uploads\/2021\/12\/02materiales_10pedras_salgadas-300x200.jpg\" class=\"attachment-medium size-medium\" alt=\"\" loading=\"lazy\" srcset=\"https:\/\/granitosurbanos.pt\/wp-content\/uploads\/2021\/12\/02materiales_10pedras_salgadas-300x200.jpg 300w, https:\/\/granitosurbanos.pt\/wp-content\/uploads\/2021\/12\/02materiales_10pedras_salgadas.jpg 585w\" sizes=\"(max-width: 300px) 100vw, 300px\" \/>\t\t<\/div>\n\t\t\t\t<div class=\"elementor-portfolio-item__overlay\">\n\t\t\t\t<h3 class=\"elementor-portfolio-item__title\">\n\t\tGranito Pedras Salgadas\t\t<\/h3>\n\t\t\t\t<\/div>\n\t\t\t\t<\/a>\n\t\t<\/article>\n\t\t\t\t<article class=\"elementor-portfolio-item elementor-post  post-4194 product type-product status-publish has-post-thumbnail hentry product_cat-materiales-en\">\n\t\t\t<a class=\"elementor-post__thumbnail__link\" href=\"https:\/\/granitosurbanos.pt\/index.php\/en\/produto\/granito-pedras-salgadas-en\">\n\t\t\t\t<div class=\"elementor-portfolio-item__img elementor-post__thumbnail\">\n\t\t\t<img width=\"300\" height=\"200\" src=\"https:\/\/granitosurbanos.pt\/wp-content\/uploads\/2021\/12\/02materiales_10pedras_salgadas-300x200.jpg\" class=\"attachment-medium size-medium\" alt=\"\" loading=\"lazy\" srcset=\"https:\/\/granitosurbanos.pt\/wp-content\/uploads\/2021\/12\/02materiales_10pedras_salgadas-300x200.jpg 300w, https:\/\/granitosurbanos.pt\/wp-content\/uploads\/2021\/12\/02materiales_10pedras_salgadas.jpg 585w\" sizes=\"(max-width: 300px) 100vw, 300px\" \/>\t\t<\/div>\n\t\t\t\t<div class=\"elementor-portfolio-item__overlay\">\n\t\t\t\t<h3 class=\"elementor-portfolio-item__title\">\n\t\tGranito Pedras Salgadas\t\t<\/h3>\n\t\t\t\t<\/div>\n\t\t\t\t<\/a>\n\t\t<\/article>\n\t\t\t\t<article class=\"elementor-portfolio-item elementor-post  post-4192 product type-product status-publish has-post-thumbnail hentry product_cat-materiales-fr\">\n\t\t\t<a class=\"elementor-post__thumbnail__link\" href=\"https:\/\/granitosurbanos.pt\/index.php\/fr\/produto\/granito-pedras-salgadas-fr\">\n\t\t\t\t<div class=\"elementor-portfolio-item__img elementor-post__thumbnail\">\n\t\t\t<img width=\"300\" height=\"200\" src=\"https:\/\/granitosurbanos.pt\/wp-content\/uploads\/2021\/12\/02materiales_10pedras_salgadas-300x200.jpg\" class=\"attachment-medium size-medium\" alt=\"\" loading=\"lazy\" srcset=\"https:\/\/granitosurbanos.pt\/wp-content\/uploads\/2021\/12\/02materiales_10pedras_salgadas-300x200.jpg 300w, https:\/\/granitosurbanos.pt\/wp-content\/uploads\/2021\/12\/02materiales_10pedras_salgadas.jpg 585w\" sizes=\"(max-width: 300px) 100vw, 300px\" \/>\t\t<\/div>\n\t\t\t\t<div class=\"elementor-portfolio-item__overlay\">\n\t\t\t\t<h3 class=\"elementor-portfolio-item__title\">\n\t\tGranito Pedras Salgadas\t\t<\/h3>\n\t\t\t\t<\/div>\n\t\t\t\t<\/a>\n\t\t<\/article>\n\t\t\t\t<article class=\"elementor-portfolio-item elementor-post  post-4189 product type-product status-publish has-post-thumbnail hentry product_cat-materiales-es\">\n\t\t\t<a class=\"elementor-post__thumbnail__link\" href=\"https:\/\/granitosurbanos.pt\/index.php\/es\/produto\/granito-pedras-salgadas-es\">\n\t\t\t\t<div class=\"elementor-portfolio-item__img elementor-post__thumbnail\">\n\t\t\t<img width=\"300\" height=\"200\" src=\"https:\/\/granitosurbanos.pt\/wp-content\/uploads\/2021\/12\/02materiales_10pedras_salgadas-300x200.jpg\" class=\"attachment-medium size-medium\" alt=\"\" loading=\"lazy\" srcset=\"https:\/\/granitosurbanos.pt\/wp-content\/uploads\/2021\/12\/02materiales_10pedras_salgadas-300x200.jpg 300w, https:\/\/granitosurbanos.pt\/wp-content\/uploads\/2021\/12\/02materiales_10pedras_salgadas.jpg 585w\" sizes=\"(max-width: 300px) 100vw, 300px\" \/>\t\t<\/div>\n\t\t\t\t<div class=\"elementor-portfolio-item__overlay\">\n\t\t\t\t<h3 class=\"elementor-portfolio-item__title\">\n\t\tGranito Pedras Salgadas\t\t<\/h3>\n\t\t\t\t<\/div>\n\t\t\t\t<\/a>\n\t\t<\/article>\n\t\t\t\t<article class=\"elementor-portfolio-item elementor-post  post-4185 product type-product status-publish has-post-thumbnail hentry product_cat-materiales-de\">\n\t\t\t<a class=\"elementor-post__thumbnail__link\" href=\"https:\/\/granitosurbanos.pt\/index.php\/de\/produto\/granito-roriz-de\">\n\t\t\t\t<div class=\"elementor-portfolio-item__img elementor-post__thumbnail\">\n\t\t\t<img width=\"300\" height=\"200\" src=\"https:\/\/granitosurbanos.pt\/wp-content\/uploads\/2021\/12\/02materiales_08roriz-300x200.jpg\" class=\"attachment-medium size-medium\" alt=\"\" loading=\"lazy\" srcset=\"https:\/\/granitosurbanos.pt\/wp-content\/uploads\/2021\/12\/02materiales_08roriz-300x200.jpg 300w, https:\/\/granitosurbanos.pt\/wp-content\/uploads\/2021\/12\/02materiales_08roriz.jpg 585w\" sizes=\"(max-width: 300px) 100vw, 300px\" \/>\t\t<\/div>\n\t\t\t\t<div class=\"elementor-portfolio-item__overlay\">\n\t\t\t\t<h3 class=\"elementor-portfolio-item__title\">\n\t\tGranito Roriz\t\t<\/h3>\n\t\t\t\t<\/div>\n\t\t\t\t<\/a>\n\t\t<\/article>\n\t\t\t\t<article class=\"elementor-portfolio-item elementor-post  post-4183 product type-product status-publish has-post-thumbnail hentry product_cat-materiales-en\">\n\t\t\t<a class=\"elementor-post__thumbnail__link\" href=\"https:\/\/granitosurbanos.pt\/index.php\/en\/produto\/granito-roriz-en\">\n\t\t\t\t<div class=\"elementor-portfolio-item__img elementor-post__thumbnail\">\n\t\t\t<img width=\"300\" height=\"200\" src=\"https:\/\/granitosurbanos.pt\/wp-content\/uploads\/2021\/12\/02materiales_08roriz-300x200.jpg\" class=\"attachment-medium size-medium\" alt=\"\" loading=\"lazy\" srcset=\"https:\/\/granitosurbanos.pt\/wp-content\/uploads\/2021\/12\/02materiales_08roriz-300x200.jpg 300w, https:\/\/granitosurbanos.pt\/wp-content\/uploads\/2021\/12\/02materiales_08roriz.jpg 585w\" sizes=\"(max-width: 300px) 100vw, 300px\" \/>\t\t<\/div>\n\t\t\t\t<div class=\"elementor-portfolio-item__overlay\">\n\t\t\t\t<h3 class=\"elementor-portfolio-item__title\">\n\t\tGranito Roriz\t\t<\/h3>\n\t\t\t\t<\/div>\n\t\t\t\t<\/a>\n\t\t<\/article>\n\t\t\t\t<\/div>\n\t\t\t\t<\/div>\n\t\t\t\t<\/div>\n\t\t\t\t\t<\/div>\n\t\t<\/div>\n\t\t\t\t\t\t\t<\/div>\n\t\t<\/section>\n\t\t\t\t\t\t\t<\/div>\n\t\t","protected":false},"excerpt":{"rendered":"<div class=\"SecContenido SecConMaterial\">\n<div class=\"SecConMatDescripcion\">\n<p><strong>Nombre comercial:<\/strong> Granito Negro Favaco<br \/>\n<strong>Denominaci\u00f3n Petrogr\u00e1fica:<\/strong> Granito quartzodior\u00edtica de tonalidad oscura,hornobl\u00eandica, e biot\u00edtica. De grano fino a m\u00e9dio<\/p>\n<\/div>\n<\/div>\n","protected":false},"featured_media":2103,"template":"","meta":{"site-sidebar-layout":"default","site-content-layout":"plain-container","ast-global-header-display":"","ast-main-header-display":"","ast-hfb-above-header-display":"","ast-hfb-below-header-display":"","ast-hfb-mobile-header-display":"","site-post-title":"","ast-breadcrumbs-content":"","ast-featured-img":"","footer-sml-layout":"","theme-transparent-header-meta":"default","adv-header-id-meta":"","stick-header-meta":"","header-above-stick-meta":"","header-main-stick-meta":"","header-below-stick-meta":""},"product_cat":[155],"product_tag":[],"_links":{"self":[{"href":"https:\/\/granitosurbanos.pt\/index.php\/wp-json\/wp\/v2\/product\/4199"}],"collection":[{"href":"https:\/\/granitosurbanos.pt\/index.php\/wp-json\/wp\/v2\/product"}],"about":[{"href":"https:\/\/granitosurbanos.pt\/index.php\/wp-json\/wp\/v2\/types\/product"}],"version-history":[{"count":9,"href":"https:\/\/granitosurbanos.pt\/index.php\/wp-json\/wp\/v2\/product\/4199\/revisions"}],"predecessor-version":[{"id":4393,"href":"https:\/\/granitosurbanos.pt\/index.php\/wp-json\/wp\/v2\/product\/4199\/revisions\/4393"}],"wp:featuredmedia":[{"embeddable":true,"href":"https:\/\/granitosurbanos.pt\/index.php\/wp-json\/wp\/v2\/media\/2103"}],"wp:attachment":[{"href":"https:\/\/granitosurbanos.pt\/index.php\/wp-json\/wp\/v2\/media?parent=4199"}],"wp:term":[{"taxonomy":"product_cat","embeddable":true,"href":"https:\/\/granitosurbanos.pt\/index.php\/wp-json\/wp\/v2\/product_cat?post=4199"},{"taxonomy":"product_tag","embeddable":true,"href":"https:\/\/granitosurbanos.pt\/index.php\/wp-json\/wp\/v2\/product_tag?post=4199"}],"curies":[{"name":"wp","href":"https:\/\/api.w.org\/{rel}","templated":true}]}}