{"id":3488,"date":"2022-04-12T06:37:10","date_gmt":"2022-04-12T06:37:10","guid":{"rendered":"https:\/\/granitosurbanos.pt\/?page_id=3488"},"modified":"2022-04-12T06:46:15","modified_gmt":"2022-04-12T06:46:15","slug":"enterprise","status":"publish","type":"page","link":"https:\/\/granitosurbanos.pt\/index.php\/fr\/enterprise","title":{"rendered":"Enterprise"},"content":{"rendered":"\t\t<div data-elementor-type=\"wp-post\" data-elementor-id=\"3488\" class=\"elementor elementor-3488\">\n\t\t\t\t\t\t\t\t\t<section class=\"elementor-section elementor-top-section elementor-element elementor-element-0ab0b79 elementor-section-content-middle elementor-section-boxed elementor-section-height-default elementor-section-height-default elementor-invisible\" data-id=\"0ab0b79\" data-element_type=\"section\" data-settings=\"{&quot;background_background&quot;:&quot;classic&quot;,&quot;animation&quot;:&quot;fadeIn&quot;}\">\n\t\t\t\t\t\t\t<div class=\"elementor-background-overlay\"><\/div>\n\t\t\t\t\t\t\t<div class=\"elementor-container elementor-column-gap-no\">\n\t\t\t\t\t<div class=\"elementor-column elementor-col-100 elementor-top-column elementor-element elementor-element-88d09fe\" data-id=\"88d09fe\" data-element_type=\"column\">\n\t\t\t<div class=\"elementor-widget-wrap elementor-element-populated\">\n\t\t\t\t\t\t\t\t<div class=\"elementor-element elementor-element-aec8954 elementor-widget elementor-widget-heading\" data-id=\"aec8954\" data-element_type=\"widget\" data-widget_type=\"heading.default\">\n\t\t\t\t<div class=\"elementor-widget-container\">\n\t\t\t<style>\/*! elementor - v3.6.5 - 27-04-2022 *\/\n.elementor-heading-title{padding:0;margin:0;line-height:1}.elementor-widget-heading .elementor-heading-title[class*=elementor-size-]>a{color:inherit;font-size:inherit;line-height:inherit}.elementor-widget-heading .elementor-heading-title.elementor-size-small{font-size:15px}.elementor-widget-heading .elementor-heading-title.elementor-size-medium{font-size:19px}.elementor-widget-heading .elementor-heading-title.elementor-size-large{font-size:29px}.elementor-widget-heading .elementor-heading-title.elementor-size-xl{font-size:39px}.elementor-widget-heading .elementor-heading-title.elementor-size-xxl{font-size:59px}<\/style><h1 class=\"elementor-heading-title elementor-size-default\">Enterprise<\/h1>\t\t<\/div>\n\t\t\t\t<\/div>\n\t\t\t\t\t<\/div>\n\t\t<\/div>\n\t\t\t\t\t\t\t<\/div>\n\t\t<\/section>\n\t\t\t\t<section class=\"elementor-section elementor-top-section elementor-element elementor-element-79f8eb6 elementor-section-boxed elementor-section-height-default elementor-section-height-default elementor-invisible\" data-id=\"79f8eb6\" data-element_type=\"section\" data-settings=\"{&quot;animation&quot;:&quot;fadeInUp&quot;}\">\n\t\t\t\t\t\t<div class=\"elementor-container elementor-column-gap-no\">\n\t\t\t\t\t<div class=\"elementor-column elementor-col-50 elementor-top-column elementor-element elementor-element-c1b3050\" data-id=\"c1b3050\" data-element_type=\"column\">\n\t\t\t<div class=\"elementor-widget-wrap elementor-element-populated\">\n\t\t\t\t\t\t\t\t<div class=\"elementor-element elementor-element-14d959d elementor-invisible elementor-widget elementor-widget-image\" data-id=\"14d959d\" data-element_type=\"widget\" data-settings=\"{&quot;_animation&quot;:&quot;zoomIn&quot;}\" data-widget_type=\"image.default\">\n\t\t\t\t<div class=\"elementor-widget-container\">\n\t\t\t<style>\/*! elementor - v3.6.5 - 27-04-2022 *\/\n.elementor-widget-image{text-align:center}.elementor-widget-image a{display:inline-block}.elementor-widget-image a img[src$=\".svg\"]{width:48px}.elementor-widget-image img{vertical-align:middle;display:inline-block}<\/style>\t\t\t\t\t\t\t\t\t\t\t\t<img width=\"585\" height=\"450\" src=\"https:\/\/granitosurbanos.pt\/wp-content\/uploads\/2021\/12\/01empresa_guC.jpg\" class=\"attachment-large size-large\" alt=\"\" loading=\"lazy\" srcset=\"https:\/\/granitosurbanos.pt\/wp-content\/uploads\/2021\/12\/01empresa_guC.jpg 585w, https:\/\/granitosurbanos.pt\/wp-content\/uploads\/2021\/12\/01empresa_guC-300x231.jpg 300w\" sizes=\"(max-width: 585px) 100vw, 585px\" \/>\t\t\t\t\t\t\t\t\t\t\t\t\t\t\t<\/div>\n\t\t\t\t<\/div>\n\t\t\t\t<div class=\"elementor-element elementor-element-da1a10e elementor-widget elementor-widget-heading\" data-id=\"da1a10e\" data-element_type=\"widget\" data-widget_type=\"heading.default\">\n\t\t\t\t<div class=\"elementor-widget-container\">\n\t\t\t<h3 class=\"elementor-heading-title elementor-size-default\">CERTIFICATS:<br\/>\nNP EN ISO 9001:2008<br\/>\nCertPME<br\/>\nPME LIDER 13<\/h3>\t\t<\/div>\n\t\t\t\t<\/div>\n\t\t\t\t\t<\/div>\n\t\t<\/div>\n\t\t\t\t<div class=\"elementor-column elementor-col-50 elementor-top-column elementor-element elementor-element-930bc9b\" data-id=\"930bc9b\" data-element_type=\"column\">\n\t\t\t<div class=\"elementor-widget-wrap elementor-element-populated\">\n\t\t\t\t\t\t\t\t<div class=\"elementor-element elementor-element-2b3f77f elementor-widget elementor-widget-heading\" data-id=\"2b3f77f\" data-element_type=\"widget\" data-widget_type=\"heading.default\">\n\t\t\t\t<div class=\"elementor-widget-container\">\n\t\t\t<h2 class=\"elementor-heading-title elementor-size-default\">Granitos Urbanos<\/h2>\t\t<\/div>\n\t\t\t\t<\/div>\n\t\t\t\t<div class=\"elementor-element elementor-element-3ded79c elementor-widget elementor-widget-text-editor\" data-id=\"3ded79c\" data-element_type=\"widget\" data-widget_type=\"text-editor.default\">\n\t\t\t\t<div class=\"elementor-widget-container\">\n\t\t\t<style>\/*! elementor - v3.6.5 - 27-04-2022 *\/\n.elementor-widget-text-editor.elementor-drop-cap-view-stacked .elementor-drop-cap{background-color:#818a91;color:#fff}.elementor-widget-text-editor.elementor-drop-cap-view-framed .elementor-drop-cap{color:#818a91;border:3px solid;background-color:transparent}.elementor-widget-text-editor:not(.elementor-drop-cap-view-default) .elementor-drop-cap{margin-top:8px}.elementor-widget-text-editor:not(.elementor-drop-cap-view-default) .elementor-drop-cap-letter{width:1em;height:1em}.elementor-widget-text-editor .elementor-drop-cap{float:left;text-align:center;line-height:1;font-size:50px}.elementor-widget-text-editor .elementor-drop-cap-letter{display:inline-block}<\/style>\t\t\t\t<p><strong>Granitos Urbanos-Transforma\u00e7\u00e3o de Granito Lda<\/strong>, est une soci\u00e9t\u00e9 de transformation de granit pr\u00e9sente sur le march\u00e9 depuis 1999 et qui a pour objectif de r\u00e9pondre \u00e0 la demande du march\u00e9 public, priv\u00e9 ainsi qu\u2019a l\u2019\u00e9dification.<\/p><p>Pour atteindre cet objectif, nous disposons d\u2019une structure industrielle ad\u00e9quate, compl\u00e9t\u00e9e para une gamme de machines de technologie pour la transformation de blocs de granit qui sont extraits des carri\u00e8res. L\u2019entreprise remplit ainsi toutes les exigences pour ex\u00e9cuter tout types de projets, ind\u00e9pendamment de sa dimension; et dispose d\u2019une grande capacit\u00e9 de fourniture, de qualit\u00e9 \u00e0 des prix comp\u00e9titifs.<\/p><p>Nous pr\u00e9sentons une \u00e9volution constante de cours et une forte expansion internationale, \u00e9l\u00e9gant, avec des travaux d&#8217;excellence.<\/p><p><strong>Nous avons un syst\u00e8me de gestion de la qualit\u00e9 selon la norme NP EN ISO 9001:2008.<\/strong><\/p>\t\t\t\t\t\t<\/div>\n\t\t\t\t<\/div>\n\t\t\t\t\t<\/div>\n\t\t<\/div>\n\t\t\t\t\t\t\t<\/div>\n\t\t<\/section>\n\t\t\t\t<section class=\"elementor-section elementor-top-section elementor-element elementor-element-d683c29 elementor-section-content-middle elementor-section-boxed elementor-section-height-default elementor-section-height-default elementor-invisible\" data-id=\"d683c29\" data-element_type=\"section\" data-settings=\"{&quot;background_background&quot;:&quot;classic&quot;,&quot;animation&quot;:&quot;fadeIn&quot;}\">\n\t\t\t\t\t\t<div class=\"elementor-container elementor-column-gap-no\">\n\t\t\t\t\t<div class=\"elementor-column elementor-col-100 elementor-top-column elementor-element elementor-element-b9120eb\" data-id=\"b9120eb\" data-element_type=\"column\">\n\t\t\t<div class=\"elementor-widget-wrap elementor-element-populated\">\n\t\t\t\t\t\t\t\t<div class=\"elementor-element elementor-element-1a8d1e7 elementor-aspect-ratio-169 elementor-widget elementor-widget-video\" data-id=\"1a8d1e7\" data-element_type=\"widget\" data-settings=\"{&quot;youtube_url&quot;:&quot;https:\\\/\\\/www.youtube.com\\\/watch?v=jNk46dGtKSE&quot;,&quot;show_image_overlay&quot;:&quot;yes&quot;,&quot;image_overlay&quot;:{&quot;url&quot;:&quot;https:\\\/\\\/granitosurbanos.pt\\\/wp-content\\\/uploads\\\/2021\\\/12\\\/GU_cabecera_video.jpg&quot;,&quot;id&quot;:1831,&quot;alt&quot;:&quot;&quot;,&quot;source&quot;:&quot;library&quot;},&quot;video_type&quot;:&quot;youtube&quot;,&quot;controls&quot;:&quot;yes&quot;,&quot;aspect_ratio&quot;:&quot;169&quot;}\" data-widget_type=\"video.default\">\n\t\t\t\t<div class=\"elementor-widget-container\">\n\t\t\t<style>\/*! elementor - v3.6.5 - 27-04-2022 *\/\n.elementor-widget-video .elementor-widget-container{overflow:hidden;-webkit-transform:translateZ(0);transform:translateZ(0)}.elementor-widget-video .elementor-open-inline .elementor-custom-embed-image-overlay{position:absolute;top:0;left:0;width:100%;height:100%;background-size:cover;background-position:50%}.elementor-widget-video .elementor-custom-embed-image-overlay{cursor:pointer;text-align:center}.elementor-widget-video .elementor-custom-embed-image-overlay:hover .elementor-custom-embed-play i{opacity:1}.elementor-widget-video .elementor-custom-embed-image-overlay img{display:block;width:100%}.elementor-widget-video .e-hosted-video .elementor-video{-o-object-fit:cover;object-fit:cover}<\/style>\t\t<div class=\"elementor-wrapper elementor-fit-aspect-ratio elementor-open-inline\">\n\t\t\t<div class=\"elementor-video\"><\/div>\t\t\t\t<div class=\"elementor-custom-embed-image-overlay\" style=\"background-image: url(https:\/\/granitosurbanos.pt\/wp-content\/uploads\/2021\/12\/GU_cabecera_video.jpg);\">\n\t\t\t\t\t\t\t\t\t\t\t\t\t\t\t\t<div class=\"elementor-custom-embed-play\" role=\"button\" aria-label=\"Reproducir v\u00eddeo\" tabindex=\"0\">\n\t\t\t\t\t\t\t<i aria-hidden=\"true\" class=\"eicon-play\"><\/i>\t\t\t\t\t\t\t<span class=\"elementor-screen-only\">Reproducir v\u00eddeo<\/span>\n\t\t\t\t\t\t<\/div>\n\t\t\t\t\t\t\t\t\t<\/div>\n\t\t\t\t\t<\/div>\n\t\t\t\t<\/div>\n\t\t\t\t<\/div>\n\t\t\t\t\t<\/div>\n\t\t<\/div>\n\t\t\t\t\t\t\t<\/div>\n\t\t<\/section>\n\t\t\t\t<section class=\"elementor-section elementor-top-section elementor-element elementor-element-32c1f6a elementor-section-content-middle elementor-section-boxed elementor-section-height-default elementor-section-height-default\" data-id=\"32c1f6a\" data-element_type=\"section\" data-settings=\"{&quot;background_background&quot;:&quot;classic&quot;}\">\n\t\t\t\t\t\t<div class=\"elementor-container elementor-column-gap-no\">\n\t\t\t\t\t<div class=\"elementor-column elementor-col-100 elementor-top-column elementor-element elementor-element-206af50\" data-id=\"206af50\" data-element_type=\"column\">\n\t\t\t<div class=\"elementor-widget-wrap elementor-element-populated\">\n\t\t\t\t\t\t\t\t<div class=\"elementor-element elementor-element-d2f6976 elementor-invisible elementor-widget elementor-widget-heading\" data-id=\"d2f6976\" data-element_type=\"widget\" data-settings=\"{&quot;_animation&quot;:&quot;fadeIn&quot;}\" data-widget_type=\"heading.default\">\n\t\t\t\t<div class=\"elementor-widget-container\">\n\t\t\t<h2 class=\"elementor-heading-title elementor-size-default\">Objectifs<\/h2>\t\t<\/div>\n\t\t\t\t<\/div>\n\t\t\t\t<div class=\"elementor-element elementor-element-319c8b7 elementor-widget elementor-widget-text-editor\" data-id=\"319c8b7\" data-element_type=\"widget\" data-widget_type=\"text-editor.default\">\n\t\t\t\t<div class=\"elementor-widget-container\">\n\t\t\t\t\t\t\t<div class=\"SecContenido\"><div class=\"SecContenido\"><p><strong>Maintenir et am\u00e9liorer notre certification selon la norme ISO 9001:2008 (n\u00ba certificat: 7847) en ayant toujours \u00e0 l\u2019esprit les exigences croissantes de notre client\u00e8le et en leur proposant des produits de haute qualit\u00e9.<\/strong> Respecter et faire respecter les principes bases de l\u2019O.I.T (Organisation Internationale du Travail) en ce qui concerne les droits des employ\u00e9s, et promouvoir les nouvelles opportunit\u00e9s de r\u00e9alisation de travail de forme ad\u00e9quate et productive selon les principes de libert\u00e9, \u00e9galit\u00e9, s\u00e9curit\u00e9 et dignit\u00e9 humaine.<\/p><\/div><\/div>\t\t\t\t\t\t<\/div>\n\t\t\t\t<\/div>\n\t\t\t\t\t<\/div>\n\t\t<\/div>\n\t\t\t\t\t\t\t<\/div>\n\t\t<\/section>\n\t\t\t\t<section class=\"elementor-section elementor-top-section elementor-element elementor-element-fcdc083 elementor-section-content-middle elementor-section-boxed elementor-section-height-default elementor-section-height-default\" data-id=\"fcdc083\" data-element_type=\"section\" data-settings=\"{&quot;background_background&quot;:&quot;classic&quot;}\">\n\t\t\t\t\t\t\t<div class=\"elementor-background-overlay\"><\/div>\n\t\t\t\t\t\t\t<div class=\"elementor-container elementor-column-gap-no\">\n\t\t\t\t\t<div class=\"elementor-column elementor-col-100 elementor-top-column elementor-element elementor-element-12c9ec5\" data-id=\"12c9ec5\" data-element_type=\"column\">\n\t\t\t<div class=\"elementor-widget-wrap\">\n\t\t\t\t\t\t\t\t\t<\/div>\n\t\t<\/div>\n\t\t\t\t\t\t\t<\/div>\n\t\t<\/section>\n\t\t\t\t<section class=\"elementor-section elementor-top-section elementor-element elementor-element-4a5d220 elementor-section-boxed elementor-section-height-default elementor-section-height-default elementor-invisible\" data-id=\"4a5d220\" data-element_type=\"section\" data-settings=\"{&quot;animation&quot;:&quot;fadeInUp&quot;}\">\n\t\t\t\t\t\t<div class=\"elementor-container elementor-column-gap-no\">\n\t\t\t\t\t<div class=\"elementor-column elementor-col-33 elementor-top-column elementor-element elementor-element-737ec4c\" data-id=\"737ec4c\" data-element_type=\"column\">\n\t\t\t<div class=\"elementor-widget-wrap elementor-element-populated\">\n\t\t\t\t\t\t\t\t<div class=\"elementor-element elementor-element-7e489a2 elementor-widget elementor-widget-heading\" data-id=\"7e489a2\" data-element_type=\"widget\" data-widget_type=\"heading.default\">\n\t\t\t\t<div class=\"elementor-widget-container\">\n\t\t\t<h2 class=\"elementor-heading-title elementor-size-default\">Proc\u00e9d\u00e9 de Production<\/h2>\t\t<\/div>\n\t\t\t\t<\/div>\n\t\t\t\t<div class=\"elementor-element elementor-element-8bf9f70 elementor-widget elementor-widget-text-editor\" data-id=\"8bf9f70\" data-element_type=\"widget\" data-widget_type=\"text-editor.default\">\n\t\t\t\t<div class=\"elementor-widget-container\">\n\t\t\t\t\t\t\t<div class=\"SecContenido\"><div class=\"SecContenido\"><p><strong>Granitos Urbanos ont une usine de production d&#8217;une gamme de haute technologie utilis\u00e9 pour transformer des blocs de granit, extrait \u00e0 la fois de ses propres carri\u00e8res que les autres.<\/strong><\/p><p>Nous effectuons, dans un premier temps, une s\u00e9lection minutieuse des mati\u00e8res premi\u00e8res, suivie de l \u00e9laboration gr\u00e2ce \u00e0 des machines dot\u00e9es de pr\u00e9cision et de technologie les plus moderne, permettant ainsi de pouvoir pr\u00e9senter des produits \u00e0 la hauteur de la qualit\u00e9 exig\u00e9e par nos clients.<\/p><p>Nous proc\u00e9dons ensuite \u00e0 un conditionnement appropri\u00e9 de forme \u00e0 garantir l\u2019arriv\u00e9e \u00e0 son destinataire dans les meilleures conditions.<\/p><p>Le granit est un mat\u00e9riau d&#8217;une qualit\u00e9 exceptionnelle, et peut \u00eatre appliqu\u00e9e soit \u00e0 l&#8217;ext\u00e9rieur ou \u00e0 l&#8217;int\u00e9rieur. Extr\u00eamement polyvalent est l&#8217;un des mat\u00e9riaux les plus utilis\u00e9s dans la construction.<\/p><\/div><\/div>\t\t\t\t\t\t<\/div>\n\t\t\t\t<\/div>\n\t\t\t\t\t<\/div>\n\t\t<\/div>\n\t\t\t\t<div class=\"elementor-column elementor-col-66 elementor-top-column elementor-element elementor-element-e6bc9af\" data-id=\"e6bc9af\" data-element_type=\"column\">\n\t\t\t<div class=\"elementor-widget-wrap elementor-element-populated\">\n\t\t\t\t\t\t\t\t<div class=\"elementor-element elementor-element-99675f2 elementor-aspect-ratio-169 elementor-widget elementor-widget-video\" data-id=\"99675f2\" data-element_type=\"widget\" data-settings=\"{&quot;youtube_url&quot;:&quot;https:\\\/\\\/www.youtube.com\\\/watch?v=I3UuG4aKVbA&quot;,&quot;show_image_overlay&quot;:&quot;yes&quot;,&quot;image_overlay&quot;:{&quot;url&quot;:&quot;https:\\\/\\\/granitosurbanos.pt\\\/wp-content\\\/uploads\\\/2021\\\/12\\\/GU_cabecera_video.jpg&quot;,&quot;id&quot;:1831,&quot;alt&quot;:&quot;&quot;,&quot;source&quot;:&quot;library&quot;},&quot;video_type&quot;:&quot;youtube&quot;,&quot;controls&quot;:&quot;yes&quot;,&quot;aspect_ratio&quot;:&quot;169&quot;}\" data-widget_type=\"video.default\">\n\t\t\t\t<div class=\"elementor-widget-container\">\n\t\t\t\t\t<div class=\"elementor-wrapper elementor-fit-aspect-ratio elementor-open-inline\">\n\t\t\t<div class=\"elementor-video\"><\/div>\t\t\t\t<div class=\"elementor-custom-embed-image-overlay\" style=\"background-image: url(https:\/\/granitosurbanos.pt\/wp-content\/uploads\/2021\/12\/GU_cabecera_video.jpg);\">\n\t\t\t\t\t\t\t\t\t\t\t\t\t\t\t\t<div class=\"elementor-custom-embed-play\" role=\"button\" aria-label=\"Reproducir v\u00eddeo\" tabindex=\"0\">\n\t\t\t\t\t\t\t<i aria-hidden=\"true\" class=\"eicon-play\"><\/i>\t\t\t\t\t\t\t<span class=\"elementor-screen-only\">Reproducir v\u00eddeo<\/span>\n\t\t\t\t\t\t<\/div>\n\t\t\t\t\t\t\t\t\t<\/div>\n\t\t\t\t\t<\/div>\n\t\t\t\t<\/div>\n\t\t\t\t<\/div>\n\t\t\t\t<div class=\"elementor-element elementor-element-279ab6e elementor-widget elementor-widget-image\" data-id=\"279ab6e\" data-element_type=\"widget\" data-widget_type=\"image.default\">\n\t\t\t\t<div class=\"elementor-widget-container\">\n\t\t\t\t\t\t\t\t\t\t\t\t\t\t\t<img width=\"1024\" height=\"281\" src=\"https:\/\/granitosurbanos.pt\/wp-content\/uploads\/2021\/12\/LOGO_calidad-1024x281.png\" class=\"attachment-large size-large\" alt=\"\" loading=\"lazy\" srcset=\"https:\/\/granitosurbanos.pt\/wp-content\/uploads\/2021\/12\/LOGO_calidad-1024x281.png 1024w, https:\/\/granitosurbanos.pt\/wp-content\/uploads\/2021\/12\/LOGO_calidad-300x82.png 300w, https:\/\/granitosurbanos.pt\/wp-content\/uploads\/2021\/12\/LOGO_calidad-768x211.png 768w, https:\/\/granitosurbanos.pt\/wp-content\/uploads\/2021\/12\/LOGO_calidad-1536x422.png 1536w, https:\/\/granitosurbanos.pt\/wp-content\/uploads\/2021\/12\/LOGO_calidad-2048x562.png 2048w, https:\/\/granitosurbanos.pt\/wp-content\/uploads\/2021\/12\/LOGO_calidad-600x165.png 600w\" sizes=\"(max-width: 1024px) 100vw, 1024px\" \/>\t\t\t\t\t\t\t\t\t\t\t\t\t\t\t<\/div>\n\t\t\t\t<\/div>\n\t\t\t\t\t<\/div>\n\t\t<\/div>\n\t\t\t\t\t\t\t<\/div>\n\t\t<\/section>\n\t\t\t\t\t\t\t<\/div>\n\t\t","protected":false},"excerpt":{"rendered":"<p>Enterprise CERTIFICATS: NP EN ISO 9001:2008 CertPME PME LIDER 13 Granitos Urbanos Granitos Urbanos-Transforma\u00e7\u00e3o de Granito Lda, est une soci\u00e9t\u00e9 de transformation de granit pr\u00e9sente sur le march\u00e9 depuis 1999 et qui a pour objectif de r\u00e9pondre \u00e0 la demande du march\u00e9 public, priv\u00e9 ainsi qu\u2019a l\u2019\u00e9dification. Pour atteindre cet objectif, nous disposons d\u2019une structure &hellip;<\/p>\n<p class=\"read-more\"> <a class=\"\" href=\"https:\/\/granitosurbanos.pt\/index.php\/fr\/enterprise\"> <span class=\"screen-reader-text\">Enterprise<\/span> Leer m\u00e1s &raquo;<\/a><\/p>\n","protected":false},"author":1,"featured_media":0,"parent":0,"menu_order":0,"comment_status":"closed","ping_status":"closed","template":"","meta":{"site-sidebar-layout":"no-sidebar","site-content-layout":"page-builder","ast-global-header-display":"","ast-main-header-display":"","ast-hfb-above-header-display":"","ast-hfb-below-header-display":"","ast-hfb-mobile-header-display":"","site-post-title":"disabled","ast-breadcrumbs-content":"","ast-featured-img":"disabled","footer-sml-layout":"","theme-transparent-header-meta":"enabled","adv-header-id-meta":"","stick-header-meta":"","header-above-stick-meta":"","header-main-stick-meta":"","header-below-stick-meta":""},"_links":{"self":[{"href":"https:\/\/granitosurbanos.pt\/index.php\/wp-json\/wp\/v2\/pages\/3488"}],"collection":[{"href":"https:\/\/granitosurbanos.pt\/index.php\/wp-json\/wp\/v2\/pages"}],"about":[{"href":"https:\/\/granitosurbanos.pt\/index.php\/wp-json\/wp\/v2\/types\/page"}],"author":[{"embeddable":true,"href":"https:\/\/granitosurbanos.pt\/index.php\/wp-json\/wp\/v2\/users\/1"}],"replies":[{"embeddable":true,"href":"https:\/\/granitosurbanos.pt\/index.php\/wp-json\/wp\/v2\/comments?post=3488"}],"version-history":[{"count":16,"href":"https:\/\/granitosurbanos.pt\/index.php\/wp-json\/wp\/v2\/pages\/3488\/revisions"}],"predecessor-version":[{"id":3520,"href":"https:\/\/granitosurbanos.pt\/index.php\/wp-json\/wp\/v2\/pages\/3488\/revisions\/3520"}],"wp:attachment":[{"href":"https:\/\/granitosurbanos.pt\/index.php\/wp-json\/wp\/v2\/media?parent=3488"}],"curies":[{"name":"wp","href":"https:\/\/api.w.org\/{rel}","templated":true}]}}