{"id":2631,"date":"2021-12-16T11:57:59","date_gmt":"2021-12-16T11:57:59","guid":{"rendered":"https:\/\/granitosurbanos.pt\/?page_id=2631"},"modified":"2021-12-16T12:02:54","modified_gmt":"2021-12-16T12:02:54","slug":"proteccionde-datos","status":"publish","type":"page","link":"https:\/\/granitosurbanos.pt\/index.php\/proteccionde-datos","title":{"rendered":"Protecci\u00f3n de Datos"},"content":{"rendered":"\t\t<div data-elementor-type=\"wp-post\" data-elementor-id=\"2631\" class=\"elementor elementor-2631\">\n\t\t\t\t\t\t\t\t\t<section class=\"elementor-section elementor-top-section elementor-element elementor-element-0ab0b79 elementor-section-content-middle elementor-section-boxed elementor-section-height-default elementor-section-height-default elementor-invisible\" data-id=\"0ab0b79\" data-element_type=\"section\" data-settings=\"{&quot;background_background&quot;:&quot;classic&quot;,&quot;animation&quot;:&quot;fadeIn&quot;}\">\n\t\t\t\t\t\t\t<div class=\"elementor-background-overlay\"><\/div>\n\t\t\t\t\t\t\t<div class=\"elementor-container elementor-column-gap-no\">\n\t\t\t\t\t<div class=\"elementor-column elementor-col-100 elementor-top-column elementor-element elementor-element-88d09fe\" data-id=\"88d09fe\" data-element_type=\"column\">\n\t\t\t<div class=\"elementor-widget-wrap elementor-element-populated\">\n\t\t\t\t\t\t\t\t<div class=\"elementor-element elementor-element-aec8954 elementor-widget elementor-widget-heading\" data-id=\"aec8954\" data-element_type=\"widget\" data-widget_type=\"heading.default\">\n\t\t\t\t<div class=\"elementor-widget-container\">\n\t\t\t<style>\/*! elementor - v3.6.5 - 27-04-2022 *\/\n.elementor-heading-title{padding:0;margin:0;line-height:1}.elementor-widget-heading .elementor-heading-title[class*=elementor-size-]>a{color:inherit;font-size:inherit;line-height:inherit}.elementor-widget-heading .elementor-heading-title.elementor-size-small{font-size:15px}.elementor-widget-heading .elementor-heading-title.elementor-size-medium{font-size:19px}.elementor-widget-heading .elementor-heading-title.elementor-size-large{font-size:29px}.elementor-widget-heading .elementor-heading-title.elementor-size-xl{font-size:39px}.elementor-widget-heading .elementor-heading-title.elementor-size-xxl{font-size:59px}<\/style><h1 class=\"elementor-heading-title elementor-size-default\">Protecci\u00f3n de Datos<\/h1>\t\t<\/div>\n\t\t\t\t<\/div>\n\t\t\t\t\t<\/div>\n\t\t<\/div>\n\t\t\t\t\t\t\t<\/div>\n\t\t<\/section>\n\t\t\t\t<section class=\"elementor-section elementor-top-section elementor-element elementor-element-4a5d220 elementor-section-boxed elementor-section-height-default elementor-section-height-default elementor-invisible\" data-id=\"4a5d220\" data-element_type=\"section\" data-settings=\"{&quot;animation&quot;:&quot;fadeInUp&quot;}\">\n\t\t\t\t\t\t<div class=\"elementor-container elementor-column-gap-no\">\n\t\t\t\t\t<div class=\"elementor-column elementor-col-66 elementor-top-column elementor-element elementor-element-737ec4c\" data-id=\"737ec4c\" data-element_type=\"column\">\n\t\t\t<div class=\"elementor-widget-wrap elementor-element-populated\">\n\t\t\t\t\t\t\t\t<div class=\"elementor-element elementor-element-8bf9f70 elementor-widget elementor-widget-text-editor\" data-id=\"8bf9f70\" data-element_type=\"widget\" data-widget_type=\"text-editor.default\">\n\t\t\t\t<div class=\"elementor-widget-container\">\n\t\t\t<style>\/*! elementor - v3.6.5 - 27-04-2022 *\/\n.elementor-widget-text-editor.elementor-drop-cap-view-stacked .elementor-drop-cap{background-color:#818a91;color:#fff}.elementor-widget-text-editor.elementor-drop-cap-view-framed .elementor-drop-cap{color:#818a91;border:3px solid;background-color:transparent}.elementor-widget-text-editor:not(.elementor-drop-cap-view-default) .elementor-drop-cap{margin-top:8px}.elementor-widget-text-editor:not(.elementor-drop-cap-view-default) .elementor-drop-cap-letter{width:1em;height:1em}.elementor-widget-text-editor .elementor-drop-cap{float:left;text-align:center;line-height:1;font-size:50px}.elementor-widget-text-editor .elementor-drop-cap-letter{display:inline-block}<\/style>\t\t\t\t<div class=\"field-wrapper field field-paragraph--field-testo field-name-field-testo field-type-text-long field-label-hidden\"><div class=\"field-items\"><div class=\"field-item\"><div class=\"field-wrapper field field-paragraph--field-testo field-name-field-testo field-type-text-long field-label-hidden\"><div class=\"field-items\"><div class=\"field-item\"><div id=\"panel-1211-0-0-2\" class=\"so-panel widget widget_sow-editor\" data-index=\"2\"><div class=\"so-widget-sow-editor so-widget-sow-editor-base\"><div class=\"siteorigin-widget-tinymce textwidget\"><p>Est\u00e1 usted accediendo a la web site: <a href=\"https:\/\/granitosurbanos.pt\" target=\"_blank\" rel=\"noopener\"><strong>granitosurbanos.pt<\/strong><\/a> en adelante <span id=\"u1439-6\">WEB<\/span>, propiedad de <strong>Granitos Urbanos LDA<\/strong>, NIF: 000000 y tel\u00e9fono: <strong>+351 837 745<\/strong>, en adelante la Propiedad.<\/p><p>\u00a0<\/p><h5><span id=\"u1439-13\" style=\"color: #ffcd00;\">DATOS DE CAR\u00c1CTER PERSONAL<\/span><\/h5><p>A los efectos de lo dispuesto en la Ley Org\u00e1nica 15\/99 de 13 de diciembre de Protecci\u00f3n de Datos de Car\u00e1cter Personal, la Propiedad comunica al <span id=\"u1439-125\">Usuario<\/span> que los datos facilitados para la formalizaci\u00f3n de los formularios contenidos en esta web, podr\u00e1n quedar almacenados en ficheros automatizados cuyo responsable es la Propiedad (<strong>Granitos Urbanos LDA <\/strong>y NIF: 0000000), cuya finalidad es mantener una relaci\u00f3n con los interesados o incluso contactar con ellos por los medios facilitados si as\u00ed se solicita. En el caso de los datos recogidos a trav\u00e9s del formulario de contacto, la base legal del tratamiento es la de cumplir con una solicitud realizada por el interesado.<\/p><p>En el caso de los datos recibidos a trav\u00e9s del formulario de contacto, sus datos ser\u00e1n conservados al menos durante 12 meses y en caso de que se formalice una relaci\u00f3n de servicios se conservar\u00e1n al menos durante 5 a\u00f1os. Una vez transcurrido, en ambos casos, el periodo de tiempo se\u00f1alado, ser\u00e1n destruidos por medios que garantizan que no se puede recuperar informaci\u00f3n.<\/p><p>En este mismo sentido, los interesados podr\u00e1n ejercitar el derecho de acceso, rectificaci\u00f3n y cancelaci\u00f3n de los datos, enviando una solicitud con las instrucciones precisas al efecto.<\/p><p>Los formularios contenidos en esta <span id=\"u1439-137\">WEB<\/span> no van dirigidos a personas menores de edad. La Propiedad no se hace responsable de los casos en que personas menores de edad le hayan remitido datos de car\u00e1cter personal a trav\u00e9s de esta web. Quien tenga la patria potestad y\/o sea el tutor legal del menor, podr\u00e1 ejercitar el derecho de acceso, rectificaci\u00f3n y cancelaci\u00f3n de los datos.<\/p><p>El env\u00edo de los formularios incluidos en la <span id=\"u1439-144\">WEB<\/span> implicar\u00e1 el consentimiento expreso del <span id=\"u1439-146\">Usuario<\/span> para que la Propiedad ceda los datos de car\u00e1cter personal de dicho<span id=\"u1439-150\"> Usuario<\/span> a todas las personas que sean necesarias para llevar a cabo las finalidades del fichero automatizado de que se trate.<\/p><p>En el caso de que el <span id=\"u1439-155\">Usuario<\/span> introduzca comentarios o solicite informaci\u00f3n a trav\u00e9s de esta web, la Propiedad podr\u00e1 hacer averiguaciones para verificar su residencia u otros datos, con el fin de asegurarse de que la respuesta o informaci\u00f3n ofrecida es adecuada. La Propiedad no recopilar\u00e1 datos personales autom\u00e1ticamente, pero podr\u00eda unir informaci\u00f3n no personal recopilada autom\u00e1ticamente con los datos personales que hayan sido proporcionados por los usuarios con anterioridad.<\/p><\/div><\/div><\/div><\/div><\/div><\/div><\/div><\/div><\/div>\t\t\t\t\t\t<\/div>\n\t\t\t\t<\/div>\n\t\t\t\t\t<\/div>\n\t\t<\/div>\n\t\t\t\t<div class=\"elementor-column elementor-col-33 elementor-top-column elementor-element elementor-element-e6bc9af\" data-id=\"e6bc9af\" data-element_type=\"column\">\n\t\t\t<div class=\"elementor-widget-wrap\">\n\t\t\t\t\t\t\t\t\t<\/div>\n\t\t<\/div>\n\t\t\t\t\t\t\t<\/div>\n\t\t<\/section>\n\t\t\t\t\t\t\t<\/div>\n\t\t","protected":false},"excerpt":{"rendered":"<p>Protecci\u00f3n de Datos Est\u00e1 usted accediendo a la web site: granitosurbanos.pt en adelante WEB, propiedad de Granitos Urbanos LDA, NIF: 000000 y tel\u00e9fono: +351 837 745, en adelante la Propiedad. \u00a0 DATOS DE CAR\u00c1CTER PERSONAL A los efectos de lo dispuesto en la Ley Org\u00e1nica 15\/99 de 13 de diciembre de Protecci\u00f3n de Datos de &hellip;<\/p>\n<p class=\"read-more\"> <a class=\"\" href=\"https:\/\/granitosurbanos.pt\/index.php\/proteccionde-datos\"> <span class=\"screen-reader-text\">Protecci\u00f3n de Datos<\/span> Leer m\u00e1s &raquo;<\/a><\/p>\n","protected":false},"author":1,"featured_media":0,"parent":0,"menu_order":0,"comment_status":"closed","ping_status":"closed","template":"","meta":{"site-sidebar-layout":"no-sidebar","site-content-layout":"page-builder","ast-global-header-display":"","ast-main-header-display":"","ast-hfb-above-header-display":"","ast-hfb-below-header-display":"","ast-hfb-mobile-header-display":"","site-post-title":"disabled","ast-breadcrumbs-content":"","ast-featured-img":"disabled","footer-sml-layout":"","theme-transparent-header-meta":"enabled","adv-header-id-meta":"","stick-header-meta":"","header-above-stick-meta":"","header-main-stick-meta":"","header-below-stick-meta":""},"_links":{"self":[{"href":"https:\/\/granitosurbanos.pt\/index.php\/wp-json\/wp\/v2\/pages\/2631"}],"collection":[{"href":"https:\/\/granitosurbanos.pt\/index.php\/wp-json\/wp\/v2\/pages"}],"about":[{"href":"https:\/\/granitosurbanos.pt\/index.php\/wp-json\/wp\/v2\/types\/page"}],"author":[{"embeddable":true,"href":"https:\/\/granitosurbanos.pt\/index.php\/wp-json\/wp\/v2\/users\/1"}],"replies":[{"embeddable":true,"href":"https:\/\/granitosurbanos.pt\/index.php\/wp-json\/wp\/v2\/comments?post=2631"}],"version-history":[{"count":10,"href":"https:\/\/granitosurbanos.pt\/index.php\/wp-json\/wp\/v2\/pages\/2631\/revisions"}],"predecessor-version":[{"id":2642,"href":"https:\/\/granitosurbanos.pt\/index.php\/wp-json\/wp\/v2\/pages\/2631\/revisions\/2642"}],"wp:attachment":[{"href":"https:\/\/granitosurbanos.pt\/index.php\/wp-json\/wp\/v2\/media?parent=2631"}],"curies":[{"name":"wp","href":"https:\/\/api.w.org\/{rel}","templated":true}]}}